{"id":11922,"date":"2025-03-21T22:27:19","date_gmt":"2025-03-21T22:27:19","guid":{"rendered":"https:\/\/nosegallery.com\/?page_id=11922"},"modified":"2025-03-26T05:38:20","modified_gmt":"2025-03-26T05:38:20","slug":"andrii-kyrychenko","status":"publish","type":"page","link":"https:\/\/nosegallery.com\/es\/andrii-kyrychenko\/","title":{"rendered":"Andrii Kyrychenko"},"content":{"rendered":"<div data-elementor-type=\"wp-page\" data-elementor-id=\"11922\" class=\"elementor elementor-11922\">\n\t\t\t\t\t\t<section class=\"elementor-section elementor-top-section elementor-element elementor-element-6cea2dd0 elementor-section-stretched elementor-section-height-min-height elementor-section-boxed elementor-section-height-default elementor-section-items-middle\" data-id=\"6cea2dd0\" data-element_type=\"section\" data-settings=\"{&quot;stretch_section&quot;:&quot;section-stretched&quot;,&quot;background_background&quot;:&quot;classic&quot;}\">\n\t\t\t\t\t\t\t<div class=\"elementor-background-overlay\"><\/div>\n\t\t\t\t\t\t\t<div class=\"elementor-container elementor-column-gap-default\">\n\t\t\t\t\t<div class=\"elementor-column elementor-col-100 elementor-top-column elementor-element elementor-element-56ab1760\" data-id=\"56ab1760\" data-element_type=\"column\">\n\t\t\t<div class=\"elementor-widget-wrap elementor-element-populated\">\n\t\t\t\t\t\t<section class=\"elementor-section elementor-inner-section elementor-element elementor-element-1bc71995 elementor-section-boxed elementor-section-height-default elementor-section-height-default\" data-id=\"1bc71995\" data-element_type=\"section\">\n\t\t\t\t\t\t<div class=\"elementor-container elementor-column-gap-default\">\n\t\t\t\t\t<div class=\"elementor-column elementor-col-50 elementor-inner-column elementor-element elementor-element-61b7933f elementor-invisible\" data-id=\"61b7933f\" data-element_type=\"column\" data-settings=\"{&quot;animation&quot;:&quot;fadeInRight&quot;}\">\n\t\t\t<div class=\"elementor-widget-wrap elementor-element-populated\">\n\t\t\t\t\t\t<div class=\"elementor-element elementor-element-7c0e2b4c elementor-widget elementor-widget-heading\" data-id=\"7c0e2b4c\" data-element_type=\"widget\" data-widget_type=\"heading.default\">\n\t\t\t\t<div class=\"elementor-widget-container\">\n\t\t\t\t\t<h1 class=\"elementor-heading-title elementor-size-default\">Andrii Kyrychenko<\/h1>\t\t\t\t<\/div>\n\t\t\t\t<\/div>\n\t\t\t\t<div class=\"elementor-element elementor-element-681de4c1 elementor-invisible elementor-widget elementor-widget-heading\" data-id=\"681de4c1\" data-element_type=\"widget\" data-settings=\"{&quot;_animation&quot;:&quot;fadeInDown&quot;,&quot;_animation_delay&quot;:800}\" data-widget_type=\"heading.default\">\n\t\t\t\t<div class=\"elementor-widget-container\">\n\t\t\t\t\t<h2 class=\"elementor-heading-title elementor-size-default\">Andrii Kyrychenko naci\u00f3 el 16 de junio de 1982 en\nKiev, Ucrania. De ni\u00f1o, estudi\u00f3 en una escuela de arte,\ndonde se enamor\u00f3 de la artesan\u00eda cer\u00e1mica.\nContrariamente a esto, posteriormente recibi\u00f3 una\neducaci\u00f3n t\u00e9cnica superior como\ningeniero de telecomunicaciones en una universidad estatal<\/h2>\t\t\t\t<\/div>\n\t\t\t\t<\/div>\n\t\t\t\t<div class=\"elementor-element elementor-element-6ce96e1b elementor-widget elementor-widget-text-editor\" data-id=\"6ce96e1b\" data-element_type=\"widget\" data-widget_type=\"text-editor.default\">\n\t\t\t\t<div class=\"elementor-widget-container\">\n\t\t\t\t\t\t\t\t\tDespu\u00e9s de graduarse, Andrii regres\u00f3 por completo al arte. Aunque esto caus\u00f3 algunos desacuerdos en la familia.\t\t\t\t\t\t\t\t<\/div>\n\t\t\t\t<\/div>\n\t\t\t\t\t<\/div>\n\t\t<\/div>\n\t\t\t\t<div class=\"elementor-column elementor-col-50 elementor-inner-column elementor-element elementor-element-50beed07 elementor-invisible\" data-id=\"50beed07\" data-element_type=\"column\" data-settings=\"{&quot;animation&quot;:&quot;fadeInLeft&quot;}\">\n\t\t\t<div class=\"elementor-widget-wrap elementor-element-populated\">\n\t\t\t\t\t\t\t<\/div>\n\t\t<\/div>\n\t\t\t\t\t<\/div>\n\t\t<\/section>\n\t\t\t\t\t<\/div>\n\t\t<\/div>\n\t\t\t\t\t<\/div>\n\t\t<\/section>\n\t\t\t\t<section class=\"elementor-section elementor-top-section elementor-element elementor-element-55750d1a elementor-section-boxed elementor-section-height-default elementor-section-height-default\" data-id=\"55750d1a\" data-element_type=\"section\" data-settings=\"{&quot;background_background&quot;:&quot;classic&quot;}\">\n\t\t\t\t\t\t<div class=\"elementor-container elementor-column-gap-default\">\n\t\t\t\t\t<div class=\"elementor-column elementor-col-100 elementor-top-column elementor-element elementor-element-1a7d864d\" data-id=\"1a7d864d\" data-element_type=\"column\">\n\t\t\t<div class=\"elementor-widget-wrap elementor-element-populated\">\n\t\t\t\t\t\t<div class=\"elementor-element elementor-element-11688524 elementor-widget elementor-widget-jet-woo-products\" data-id=\"11688524\" data-element_type=\"widget\" data-settings=\"{&quot;columns&quot;:&quot;4&quot;}\" data-widget_type=\"jet-woo-products.default\">\n\t\t\t\t<div class=\"elementor-widget-container\">\n\t\t\t\t\t<div class=\"elementor-jet-woo-products jet-woo-builder\"><div class=\"jet-woo-products jet-woo-products--preset-1 col-row\" data-mobile-hover=\"\" >\n<div class=\"jet-woo-products__item jet-woo-builder-product jet-woo-thumb-with-effect\" data-product-id=\"11746\">\n\t<div class=\"jet-woo-products__inner-box\"  >\n\t\t\n<div class=\"jet-woo-product-thumbnail\">\n\t\n\t<a href=\"https:\/\/nosegallery.com\/es\/producto\/white-rest\/\" ><div class=\"jet-woo-product-thumbs effect-fade\"><div class=\"jet-woo-product-thumbs__inner\"><img fetchpriority=\"high\" decoding=\"async\" width=\"300\" height=\"300\" src=\"https:\/\/nosegallery.com\/wp-content\/uploads\/2025\/03\/Just-Sold-White-Rest-300x300.jpg\" class=\"attachment-woocommerce_thumbnail size-woocommerce_thumbnail\" alt=\"\" data-no-lazy=\"1\" loading=\"auto\" srcset=\"https:\/\/nosegallery.com\/wp-content\/uploads\/2025\/03\/Just-Sold-White-Rest-300x300.jpg 300w, https:\/\/nosegallery.com\/wp-content\/uploads\/2025\/03\/Just-Sold-White-Rest-150x150.jpg 150w, https:\/\/nosegallery.com\/wp-content\/uploads\/2025\/03\/Just-Sold-White-Rest-230x230.jpg 230w, https:\/\/nosegallery.com\/wp-content\/uploads\/2025\/03\/Just-Sold-White-Rest-400x400.jpg 400w, https:\/\/nosegallery.com\/wp-content\/uploads\/2025\/03\/Just-Sold-White-Rest-640x640.jpg 640w, https:\/\/nosegallery.com\/wp-content\/uploads\/2025\/03\/Just-Sold-White-Rest-100x100.jpg 100w\" sizes=\"(max-width: 300px) 100vw, 300px\" \/><img decoding=\"async\" width=\"300\" height=\"300\" src=\"https:\/\/nosegallery.com\/wp-content\/uploads\/2025\/03\/SOLD1_320-300x300.jpg\" class=\"attachment-woocommerce_thumbnail size-woocommerce_thumbnail\" alt=\"\" data-no-lazy=\"1\" loading=\"auto\" srcset=\"https:\/\/nosegallery.com\/wp-content\/uploads\/2025\/03\/SOLD1_320-300x300.jpg 300w, https:\/\/nosegallery.com\/wp-content\/uploads\/2025\/03\/SOLD1_320-150x150.jpg 150w, https:\/\/nosegallery.com\/wp-content\/uploads\/2025\/03\/SOLD1_320-230x230.jpg 230w, https:\/\/nosegallery.com\/wp-content\/uploads\/2025\/03\/SOLD1_320-400x400.jpg 400w, https:\/\/nosegallery.com\/wp-content\/uploads\/2025\/03\/SOLD1_320-640x640.jpg 640w, https:\/\/nosegallery.com\/wp-content\/uploads\/2025\/03\/SOLD1_320-100x100.jpg 100w\" sizes=\"(max-width: 300px) 100vw, 300px\" \/><\/div><\/div><\/a>\n\t<div class=\"jet-woo-product-img-overlay\"><\/div>\n\n\t\n\t<\/div><h5 class=\"jet-woo-product-title\" ><a href=\"https:\/\/nosegallery.com\/es\/producto\/white-rest\/\" >Descanso blanco<\/a><\/h5>\n<div class=\"jet-woo-product-price\">\n\t<span class=\"price\"><span class=\"woocommerce-Price-amount amount\"><bdi><span class=\"woocommerce-Price-currencySymbol\">&euro;<\/span>300.00<\/bdi><\/span><\/span>\n<\/div>\n<div class=\"jet-woo-product-button\">\n\t<a href=\"https:\/\/nosegallery.com\/es\/producto\/white-rest\/\" data-quantity=\"1\" class=\"button product_type_simple\" data-product_id=\"11746\" data-product_sku=\"\" aria-label=\"Lee m\u00e1s sobre \u201cWhite Rest\u201d\" rel=\"nofollow\" data-no-translation-aria-label=\"\"><span class=\"button-text\" data-no-translation=\"\" data-trp-gettext=\"\">Leer m\u00e1s<\/span><\/a>\t<span id=\"woocommerce_loop_add_to_cart_link_describedby_11746\" class=\"screen-reader-text\">\n\t\t\t<\/span>\n<\/div>\n<div class=\"jet-woo-products-cqw-wrapper\">\n\t<\/div>\t<\/div>\n\n\t<\/div>\n<div class=\"jet-woo-products__item jet-woo-builder-product jet-woo-thumb-with-effect\" data-product-id=\"11741\">\n\t<div class=\"jet-woo-products__inner-box\"  >\n\t\t\n<div class=\"jet-woo-product-thumbnail\">\n\t\n\t<a href=\"https:\/\/nosegallery.com\/es\/producto\/slender\/\" ><div class=\"jet-woo-product-thumbs effect-fade\"><div class=\"jet-woo-product-thumbs__inner\"><img decoding=\"async\" width=\"300\" height=\"300\" src=\"https:\/\/nosegallery.com\/wp-content\/uploads\/2025\/03\/IMG_20240621_141922-300x300.jpg\" class=\"attachment-woocommerce_thumbnail size-woocommerce_thumbnail\" alt=\"\" data-no-lazy=\"1\" loading=\"auto\" srcset=\"https:\/\/nosegallery.com\/wp-content\/uploads\/2025\/03\/IMG_20240621_141922-300x300.jpg 300w, https:\/\/nosegallery.com\/wp-content\/uploads\/2025\/03\/IMG_20240621_141922-150x150.jpg 150w, https:\/\/nosegallery.com\/wp-content\/uploads\/2025\/03\/IMG_20240621_141922-230x230.jpg 230w, https:\/\/nosegallery.com\/wp-content\/uploads\/2025\/03\/IMG_20240621_141922-400x400.jpg 400w, https:\/\/nosegallery.com\/wp-content\/uploads\/2025\/03\/IMG_20240621_141922-640x640.jpg 640w, https:\/\/nosegallery.com\/wp-content\/uploads\/2025\/03\/IMG_20240621_141922-100x100.jpg 100w\" sizes=\"(max-width: 300px) 100vw, 300px\" \/><img decoding=\"async\" width=\"300\" height=\"300\" src=\"https:\/\/nosegallery.com\/wp-content\/uploads\/2025\/03\/IMG_20240609_175424-300x300.jpg\" class=\"attachment-woocommerce_thumbnail size-woocommerce_thumbnail\" alt=\"\" data-no-lazy=\"1\" loading=\"auto\" srcset=\"https:\/\/nosegallery.com\/wp-content\/uploads\/2025\/03\/IMG_20240609_175424-300x300.jpg 300w, https:\/\/nosegallery.com\/wp-content\/uploads\/2025\/03\/IMG_20240609_175424-150x150.jpg 150w, https:\/\/nosegallery.com\/wp-content\/uploads\/2025\/03\/IMG_20240609_175424-230x230.jpg 230w, https:\/\/nosegallery.com\/wp-content\/uploads\/2025\/03\/IMG_20240609_175424-400x400.jpg 400w, https:\/\/nosegallery.com\/wp-content\/uploads\/2025\/03\/IMG_20240609_175424-640x640.jpg 640w, https:\/\/nosegallery.com\/wp-content\/uploads\/2025\/03\/IMG_20240609_175424-100x100.jpg 100w\" sizes=\"(max-width: 300px) 100vw, 300px\" \/><\/div><\/div><\/a>\n\t<div class=\"jet-woo-product-img-overlay\"><\/div>\n\n\t\n\t<\/div><h5 class=\"jet-woo-product-title\" ><a href=\"https:\/\/nosegallery.com\/es\/producto\/slender\/\" >Esbelto<\/a><\/h5>\n<div class=\"jet-woo-product-price\">\n\t<span class=\"price\"><span class=\"woocommerce-Price-amount amount\"><bdi><span class=\"woocommerce-Price-currencySymbol\">&euro;<\/span>320.00<\/bdi><\/span><\/span>\n<\/div>\n<div class=\"jet-woo-product-button\">\n\t<a href=\"\/es\/wp-json\/wp\/v2\/pages\/11922?add-to-cart=11741\" data-quantity=\"1\" class=\"button product_type_simple add_to_cart_button ajax_add_to_cart\" data-product_id=\"11741\" data-product_sku=\"\" aria-label=\"A\u00f1adir al carrito: \u201cSlender\u201d\" rel=\"nofollow\" data-no-translation-aria-label=\"\"><span class=\"button-text\" data-no-translation=\"\" data-trp-gettext=\"\">A\u00f1adir al carrito<\/span><\/a>\t<span id=\"woocommerce_loop_add_to_cart_link_describedby_11741\" class=\"screen-reader-text\">\n\t\t\t<\/span>\n<\/div>\n<div class=\"jet-woo-products-cqw-wrapper\">\n\t<\/div>\t<\/div>\n\n\t<\/div>\n<div class=\"jet-woo-products__item jet-woo-builder-product jet-woo-thumb-with-effect\" data-product-id=\"11736\">\n\t<div class=\"jet-woo-products__inner-box\"  >\n\t\t\n<div class=\"jet-woo-product-thumbnail\">\n\t\n\t<a href=\"https:\/\/nosegallery.com\/es\/producto\/meditation\/\" ><div class=\"jet-woo-product-thumbs effect-fade\"><div class=\"jet-woo-product-thumbs__inner\"><img decoding=\"async\" width=\"300\" height=\"300\" src=\"https:\/\/nosegallery.com\/wp-content\/uploads\/2025\/03\/sculpture_Andrii_544-300x300.jpg\" class=\"attachment-woocommerce_thumbnail size-woocommerce_thumbnail\" alt=\"\" data-no-lazy=\"1\" loading=\"auto\" srcset=\"https:\/\/nosegallery.com\/wp-content\/uploads\/2025\/03\/sculpture_Andrii_544-300x300.jpg 300w, https:\/\/nosegallery.com\/wp-content\/uploads\/2025\/03\/sculpture_Andrii_544-1024x1024.jpg 1024w, https:\/\/nosegallery.com\/wp-content\/uploads\/2025\/03\/sculpture_Andrii_544-150x150.jpg 150w, https:\/\/nosegallery.com\/wp-content\/uploads\/2025\/03\/sculpture_Andrii_544-768x768.jpg 768w, https:\/\/nosegallery.com\/wp-content\/uploads\/2025\/03\/sculpture_Andrii_544-1536x1536.jpg 1536w, https:\/\/nosegallery.com\/wp-content\/uploads\/2025\/03\/sculpture_Andrii_544-2048x2048.jpg 2048w, https:\/\/nosegallery.com\/wp-content\/uploads\/2025\/03\/sculpture_Andrii_544-230x230.jpg 230w, https:\/\/nosegallery.com\/wp-content\/uploads\/2025\/03\/sculpture_Andrii_544-400x400.jpg 400w, https:\/\/nosegallery.com\/wp-content\/uploads\/2025\/03\/sculpture_Andrii_544-600x600.jpg 600w, https:\/\/nosegallery.com\/wp-content\/uploads\/2025\/03\/sculpture_Andrii_544-640x640.jpg 640w, https:\/\/nosegallery.com\/wp-content\/uploads\/2025\/03\/sculpture_Andrii_544-100x100.jpg 100w\" sizes=\"(max-width: 300px) 100vw, 300px\" \/><img decoding=\"async\" width=\"300\" height=\"300\" src=\"https:\/\/nosegallery.com\/wp-content\/uploads\/2025\/03\/sculpture_Andrii_539-300x300.jpg\" class=\"attachment-woocommerce_thumbnail size-woocommerce_thumbnail\" alt=\"\" data-no-lazy=\"1\" loading=\"auto\" srcset=\"https:\/\/nosegallery.com\/wp-content\/uploads\/2025\/03\/sculpture_Andrii_539-300x300.jpg 300w, https:\/\/nosegallery.com\/wp-content\/uploads\/2025\/03\/sculpture_Andrii_539-1024x1024.jpg 1024w, https:\/\/nosegallery.com\/wp-content\/uploads\/2025\/03\/sculpture_Andrii_539-150x150.jpg 150w, https:\/\/nosegallery.com\/wp-content\/uploads\/2025\/03\/sculpture_Andrii_539-768x768.jpg 768w, https:\/\/nosegallery.com\/wp-content\/uploads\/2025\/03\/sculpture_Andrii_539-1536x1536.jpg 1536w, https:\/\/nosegallery.com\/wp-content\/uploads\/2025\/03\/sculpture_Andrii_539-2048x2048.jpg 2048w, https:\/\/nosegallery.com\/wp-content\/uploads\/2025\/03\/sculpture_Andrii_539-230x230.jpg 230w, https:\/\/nosegallery.com\/wp-content\/uploads\/2025\/03\/sculpture_Andrii_539-400x400.jpg 400w, https:\/\/nosegallery.com\/wp-content\/uploads\/2025\/03\/sculpture_Andrii_539-600x600.jpg 600w, https:\/\/nosegallery.com\/wp-content\/uploads\/2025\/03\/sculpture_Andrii_539-640x640.jpg 640w, https:\/\/nosegallery.com\/wp-content\/uploads\/2025\/03\/sculpture_Andrii_539-100x100.jpg 100w\" sizes=\"(max-width: 300px) 100vw, 300px\" \/><\/div><\/div><\/a>\n\t<div class=\"jet-woo-product-img-overlay\"><\/div>\n\n\t\n\t<\/div><h5 class=\"jet-woo-product-title\" ><a href=\"https:\/\/nosegallery.com\/es\/producto\/meditation\/\" >Meditaci\u00f3n<\/a><\/h5>\n<div class=\"jet-woo-product-price\">\n\t<span class=\"price\"><span class=\"woocommerce-Price-amount amount\"><bdi><span class=\"woocommerce-Price-currencySymbol\">&euro;<\/span>610.00<\/bdi><\/span><\/span>\n<\/div>\n<div class=\"jet-woo-product-button\">\n\t<a href=\"\/es\/wp-json\/wp\/v2\/pages\/11922?add-to-cart=11736\" data-quantity=\"1\" class=\"button product_type_simple add_to_cart_button ajax_add_to_cart\" data-product_id=\"11736\" data-product_sku=\"\" aria-label=\"A\u00f1adir al carrito: \u201cMeditation\u201d\" rel=\"nofollow\" data-no-translation-aria-label=\"\"><span class=\"button-text\" data-no-translation=\"\" data-trp-gettext=\"\">A\u00f1adir al carrito<\/span><\/a>\t<span id=\"woocommerce_loop_add_to_cart_link_describedby_11736\" class=\"screen-reader-text\">\n\t\t\t<\/span>\n<\/div>\n<div class=\"jet-woo-products-cqw-wrapper\">\n\t<\/div>\t<\/div>\n\n\t<\/div>\n<div class=\"jet-woo-products__item jet-woo-builder-product jet-woo-thumb-with-effect\" data-product-id=\"11730\">\n\t<div class=\"jet-woo-products__inner-box\"  >\n\t\t\n<div class=\"jet-woo-product-thumbnail\">\n\t\n\t<a href=\"https:\/\/nosegallery.com\/es\/producto\/no-1\/\" ><div class=\"jet-woo-product-thumbs effect-fade\"><div class=\"jet-woo-product-thumbs__inner\"><img decoding=\"async\" width=\"300\" height=\"300\" src=\"https:\/\/nosegallery.com\/wp-content\/uploads\/2025\/03\/sculpture_Andrii_283-300x300.jpg\" class=\"attachment-woocommerce_thumbnail size-woocommerce_thumbnail\" alt=\"\" data-no-lazy=\"1\" loading=\"auto\" srcset=\"https:\/\/nosegallery.com\/wp-content\/uploads\/2025\/03\/sculpture_Andrii_283-300x300.jpg 300w, https:\/\/nosegallery.com\/wp-content\/uploads\/2025\/03\/sculpture_Andrii_283-150x150.jpg 150w, https:\/\/nosegallery.com\/wp-content\/uploads\/2025\/03\/sculpture_Andrii_283-230x230.jpg 230w, https:\/\/nosegallery.com\/wp-content\/uploads\/2025\/03\/sculpture_Andrii_283-400x400.jpg 400w, https:\/\/nosegallery.com\/wp-content\/uploads\/2025\/03\/sculpture_Andrii_283-1081x1080.jpg 1081w, https:\/\/nosegallery.com\/wp-content\/uploads\/2025\/03\/sculpture_Andrii_283-640x640.jpg 640w, https:\/\/nosegallery.com\/wp-content\/uploads\/2025\/03\/sculpture_Andrii_283-100x100.jpg 100w\" sizes=\"(max-width: 300px) 100vw, 300px\" \/><img decoding=\"async\" width=\"300\" height=\"300\" src=\"https:\/\/nosegallery.com\/wp-content\/uploads\/2025\/03\/sculpture_Andrii_286-1-300x300.jpg\" class=\"attachment-woocommerce_thumbnail size-woocommerce_thumbnail\" alt=\"\" data-no-lazy=\"1\" loading=\"auto\" srcset=\"https:\/\/nosegallery.com\/wp-content\/uploads\/2025\/03\/sculpture_Andrii_286-1-300x300.jpg 300w, https:\/\/nosegallery.com\/wp-content\/uploads\/2025\/03\/sculpture_Andrii_286-1-150x150.jpg 150w, https:\/\/nosegallery.com\/wp-content\/uploads\/2025\/03\/sculpture_Andrii_286-1-230x230.jpg 230w, https:\/\/nosegallery.com\/wp-content\/uploads\/2025\/03\/sculpture_Andrii_286-1-400x400.jpg 400w, https:\/\/nosegallery.com\/wp-content\/uploads\/2025\/03\/sculpture_Andrii_286-1-1081x1080.jpg 1081w, https:\/\/nosegallery.com\/wp-content\/uploads\/2025\/03\/sculpture_Andrii_286-1-640x640.jpg 640w, https:\/\/nosegallery.com\/wp-content\/uploads\/2025\/03\/sculpture_Andrii_286-1-100x100.jpg 100w\" sizes=\"(max-width: 300px) 100vw, 300px\" \/><\/div><\/div><\/a>\n\t<div class=\"jet-woo-product-img-overlay\"><\/div>\n\n\t\n\t<\/div><h5 class=\"jet-woo-product-title\" ><a href=\"https:\/\/nosegallery.com\/es\/producto\/no-1\/\" >No 1<\/a><\/h5>\n<div class=\"jet-woo-product-price\">\n\t<span class=\"price\"><span class=\"woocommerce-Price-amount amount\"><bdi><span class=\"woocommerce-Price-currencySymbol\">&euro;<\/span>630.00<\/bdi><\/span><\/span>\n<\/div>\n<div class=\"jet-woo-product-button\">\n\t<a href=\"\/es\/wp-json\/wp\/v2\/pages\/11922?add-to-cart=11730\" data-quantity=\"1\" class=\"button product_type_simple add_to_cart_button ajax_add_to_cart\" data-product_id=\"11730\" data-product_sku=\"\" aria-label=\"A\u00f1adir al carrito: \u201cNo 1\u201d\" rel=\"nofollow\" data-no-translation-aria-label=\"\"><span class=\"button-text\" data-no-translation=\"\" data-trp-gettext=\"\">A\u00f1adir al carrito<\/span><\/a>\t<span id=\"woocommerce_loop_add_to_cart_link_describedby_11730\" class=\"screen-reader-text\">\n\t\t\t<\/span>\n<\/div>\n<div class=\"jet-woo-products-cqw-wrapper\">\n\t<\/div>\t<\/div>\n\n\t<\/div>\n<div class=\"jet-woo-products__item jet-woo-builder-product jet-woo-thumb-with-effect\" data-product-id=\"11725\">\n\t<div class=\"jet-woo-products__inner-box\"  >\n\t\t\n<div class=\"jet-woo-product-thumbnail\">\n\t\n\t<a href=\"https:\/\/nosegallery.com\/es\/producto\/lemon-relaxation\/\" ><div class=\"jet-woo-product-thumbs effect-fade\"><div class=\"jet-woo-product-thumbs__inner\"><img decoding=\"async\" width=\"300\" height=\"300\" src=\"https:\/\/nosegallery.com\/wp-content\/uploads\/2025\/03\/sculpture_Andrii_305-300x300.jpg\" class=\"attachment-woocommerce_thumbnail size-woocommerce_thumbnail\" alt=\"\" data-no-lazy=\"1\" loading=\"auto\" srcset=\"https:\/\/nosegallery.com\/wp-content\/uploads\/2025\/03\/sculpture_Andrii_305-300x300.jpg 300w, https:\/\/nosegallery.com\/wp-content\/uploads\/2025\/03\/sculpture_Andrii_305-150x150.jpg 150w, https:\/\/nosegallery.com\/wp-content\/uploads\/2025\/03\/sculpture_Andrii_305-230x230.jpg 230w, https:\/\/nosegallery.com\/wp-content\/uploads\/2025\/03\/sculpture_Andrii_305-400x400.jpg 400w, https:\/\/nosegallery.com\/wp-content\/uploads\/2025\/03\/sculpture_Andrii_305-640x640.jpg 640w, https:\/\/nosegallery.com\/wp-content\/uploads\/2025\/03\/sculpture_Andrii_305-100x100.jpg 100w\" sizes=\"(max-width: 300px) 100vw, 300px\" \/><img decoding=\"async\" width=\"300\" height=\"300\" src=\"https:\/\/nosegallery.com\/wp-content\/uploads\/2025\/03\/sculpture_Andrii_301-300x300.jpg\" class=\"attachment-woocommerce_thumbnail size-woocommerce_thumbnail\" alt=\"\" data-no-lazy=\"1\" loading=\"auto\" srcset=\"https:\/\/nosegallery.com\/wp-content\/uploads\/2025\/03\/sculpture_Andrii_301-300x300.jpg 300w, https:\/\/nosegallery.com\/wp-content\/uploads\/2025\/03\/sculpture_Andrii_301-150x150.jpg 150w, https:\/\/nosegallery.com\/wp-content\/uploads\/2025\/03\/sculpture_Andrii_301-230x230.jpg 230w, https:\/\/nosegallery.com\/wp-content\/uploads\/2025\/03\/sculpture_Andrii_301-400x400.jpg 400w, https:\/\/nosegallery.com\/wp-content\/uploads\/2025\/03\/sculpture_Andrii_301-640x640.jpg 640w, https:\/\/nosegallery.com\/wp-content\/uploads\/2025\/03\/sculpture_Andrii_301-100x100.jpg 100w\" sizes=\"(max-width: 300px) 100vw, 300px\" \/><\/div><\/div><\/a>\n\t<div class=\"jet-woo-product-img-overlay\"><\/div>\n\n\t\n\t<\/div><h5 class=\"jet-woo-product-title\" ><a href=\"https:\/\/nosegallery.com\/es\/producto\/lemon-relaxation\/\" >Relajaci\u00f3n de lim\u00f3n<\/a><\/h5>\n<div class=\"jet-woo-product-price\">\n\t<span class=\"price\"><span class=\"woocommerce-Price-amount amount\"><bdi><span class=\"woocommerce-Price-currencySymbol\">&euro;<\/span>570.00<\/bdi><\/span><\/span>\n<\/div>\n<div class=\"jet-woo-product-button\">\n\t<a href=\"\/es\/wp-json\/wp\/v2\/pages\/11922?add-to-cart=11725\" data-quantity=\"1\" class=\"button product_type_simple add_to_cart_button ajax_add_to_cart\" data-product_id=\"11725\" data-product_sku=\"\" aria-label=\"A\u00f1adir al carrito: \u201cLemon Relaxation\u201d\" rel=\"nofollow\" data-no-translation-aria-label=\"\"><span class=\"button-text\" data-no-translation=\"\" data-trp-gettext=\"\">A\u00f1adir al carrito<\/span><\/a>\t<span id=\"woocommerce_loop_add_to_cart_link_describedby_11725\" class=\"screen-reader-text\">\n\t\t\t<\/span>\n<\/div>\n<div class=\"jet-woo-products-cqw-wrapper\">\n\t<\/div>\t<\/div>\n\n\t<\/div><\/div>\n<\/div>\t\t\t\t<\/div>\n\t\t\t\t<\/div>\n\t\t\t\t\t<\/div>\n\t\t<\/div>\n\t\t\t\t\t<\/div>\n\t\t<\/section>\n\t\t\t\t<section class=\"elementor-section elementor-top-section elementor-element elementor-element-60e3228e elementor-section-boxed elementor-section-height-default elementor-section-height-default elementor-invisible\" data-id=\"60e3228e\" data-element_type=\"section\" data-settings=\"{&quot;animation&quot;:&quot;fadeIn&quot;,&quot;animation_delay&quot;:1000}\">\n\t\t\t\t\t\t<div class=\"elementor-container elementor-column-gap-default\">\n\t\t\t\t\t<div class=\"elementor-column elementor-col-100 elementor-top-column elementor-element elementor-element-22152130\" data-id=\"22152130\" data-element_type=\"column\">\n\t\t\t<div class=\"elementor-widget-wrap elementor-element-populated\">\n\t\t\t\t\t\t<div class=\"elementor-element elementor-element-7ce1ec88 elementor-widget elementor-widget-text-editor\" data-id=\"7ce1ec88\" data-element_type=\"widget\" data-widget_type=\"text-editor.default\">\n\t\t\t\t<div class=\"elementor-widget-container\">\n\t\t\t\t\t\t\t\t\tDesde 2019, es miembro de la Academia Internacional de Cer\u00e1mica (IAC). En 2015, se convirti\u00f3 en miembro de la Uni\u00f3n Nacional de Artistas de Ucrania. Sus objetos han recibido repetidamente reconocimiento en exposiciones y concursos internacionales.\t\t\t\t\t\t\t\t<\/div>\n\t\t\t\t<\/div>\n\t\t\t\t<div class=\"elementor-element elementor-element-5a25a7df elementor-widget elementor-widget-text-editor\" data-id=\"5a25a7df\" data-element_type=\"widget\" data-widget_type=\"text-editor.default\">\n\t\t\t\t<div class=\"elementor-widget-container\">\n\t\t\t\t\t\t\t\t\tDesde septiembre de 2022, el autor se encuentra en\nFrancia bajo el estatuto de protecci\u00f3n temporal debido a\nla guerra en Ucrania. A pesar de las dificultades,\ncontin\u00faa participando en el movimiento cultural\ninternacional.\t\t\t\t\t\t\t\t<\/div>\n\t\t\t\t<\/div>\n\t\t\t\t\t<\/div>\n\t\t<\/div>\n\t\t\t\t\t<\/div>\n\t\t<\/section>\n\t\t\t\t<section class=\"elementor-section elementor-top-section elementor-element elementor-element-5aa4ca4f elementor-section-boxed elementor-section-height-default elementor-section-height-default\" data-id=\"5aa4ca4f\" data-element_type=\"section\">\n\t\t\t\t\t\t<div class=\"elementor-container elementor-column-gap-default\">\n\t\t\t\t\t<div class=\"elementor-column elementor-col-100 elementor-top-column elementor-element elementor-element-40e46ad6\" data-id=\"40e46ad6\" data-element_type=\"column\">\n\t\t\t<div class=\"elementor-widget-wrap elementor-element-populated\">\n\t\t\t\t\t\t<div class=\"elementor-element elementor-element-3c0a6ba5 elementor-widget elementor-widget-spacer\" data-id=\"3c0a6ba5\" data-element_type=\"widget\" data-widget_type=\"spacer.default\">\n\t\t\t\t<div class=\"elementor-widget-container\">\n\t\t\t\t\t\t\t<div class=\"elementor-spacer\">\n\t\t\t<div class=\"elementor-spacer-inner\"><\/div>\n\t\t<\/div>\n\t\t\t\t\t\t<\/div>\n\t\t\t\t<\/div>\n\t\t\t\t\t<\/div>\n\t\t<\/div>\n\t\t\t\t\t<\/div>\n\t\t<\/section>\n\t\t\t\t<\/div>","protected":false},"excerpt":{"rendered":"<p>Andrii Kyrychenko Andrii Kyrychenko was born on June 16, 1982, in Kyiv, Ukraine. As a child, he studied at an art school, where he fell in love with ceramic crafts. Contrary to this, he subsequently received a higher technical education as a telecommunications engineer at a state university. After graduating, Andrii returned entirely to art. [&hellip;]<\/p>","protected":false},"author":1,"featured_media":0,"parent":0,"menu_order":0,"comment_status":"closed","ping_status":"closed","template":"elementor_header_footer","meta":{"footnotes":""},"class_list":["post-11922","page","type-page","status-publish","hentry"],"_links":{"self":[{"href":"https:\/\/nosegallery.com\/es\/wp-json\/wp\/v2\/pages\/11922","targetHints":{"allow":["GET"]}}],"collection":[{"href":"https:\/\/nosegallery.com\/es\/wp-json\/wp\/v2\/pages"}],"about":[{"href":"https:\/\/nosegallery.com\/es\/wp-json\/wp\/v2\/types\/page"}],"author":[{"embeddable":true,"href":"https:\/\/nosegallery.com\/es\/wp-json\/wp\/v2\/users\/1"}],"replies":[{"embeddable":true,"href":"https:\/\/nosegallery.com\/es\/wp-json\/wp\/v2\/comments?post=11922"}],"version-history":[{"count":10,"href":"https:\/\/nosegallery.com\/es\/wp-json\/wp\/v2\/pages\/11922\/revisions"}],"predecessor-version":[{"id":12004,"href":"https:\/\/nosegallery.com\/es\/wp-json\/wp\/v2\/pages\/11922\/revisions\/12004"}],"wp:attachment":[{"href":"https:\/\/nosegallery.com\/es\/wp-json\/wp\/v2\/media?parent=11922"}],"curies":[{"name":"wp","href":"https:\/\/api.w.org\/{rel}","templated":true}]}}