{"id":11931,"date":"2025-03-21T22:37:47","date_gmt":"2025-03-21T22:37:47","guid":{"rendered":"https:\/\/nosegallery.com\/?page_id=11931"},"modified":"2025-04-01T04:12:41","modified_gmt":"2025-04-01T04:12:41","slug":"dmytro-kryshovski","status":"publish","type":"page","link":"https:\/\/nosegallery.com\/es\/dmytro-kryshovski\/","title":{"rendered":"Dmytro Kryshovski"},"content":{"rendered":"<div data-elementor-type=\"wp-page\" data-elementor-id=\"11931\" class=\"elementor elementor-11931\">\n\t\t\t\t\t\t<section class=\"elementor-section elementor-top-section elementor-element elementor-element-bc31b11 elementor-section-stretched elementor-section-height-min-height elementor-section-boxed elementor-section-height-default elementor-section-items-middle\" data-id=\"bc31b11\" data-element_type=\"section\" data-settings=\"{&quot;stretch_section&quot;:&quot;section-stretched&quot;,&quot;background_background&quot;:&quot;classic&quot;}\">\n\t\t\t\t\t\t\t<div class=\"elementor-background-overlay\"><\/div>\n\t\t\t\t\t\t\t<div class=\"elementor-container elementor-column-gap-default\">\n\t\t\t\t\t<div class=\"elementor-column elementor-col-100 elementor-top-column elementor-element elementor-element-70e0fcd4\" data-id=\"70e0fcd4\" data-element_type=\"column\">\n\t\t\t<div class=\"elementor-widget-wrap elementor-element-populated\">\n\t\t\t\t\t\t<section class=\"elementor-section elementor-inner-section elementor-element elementor-element-25460f01 elementor-section-boxed elementor-section-height-default elementor-section-height-default\" data-id=\"25460f01\" data-element_type=\"section\">\n\t\t\t\t\t\t<div class=\"elementor-container elementor-column-gap-default\">\n\t\t\t\t\t<div class=\"elementor-column elementor-col-50 elementor-inner-column elementor-element elementor-element-5da634d8 elementor-invisible\" data-id=\"5da634d8\" data-element_type=\"column\" data-settings=\"{&quot;animation&quot;:&quot;fadeInLeft&quot;}\">\n\t\t\t<div class=\"elementor-widget-wrap elementor-element-populated\">\n\t\t\t\t\t\t<div class=\"elementor-element elementor-element-11bb29b0 elementor-widget elementor-widget-image\" data-id=\"11bb29b0\" data-element_type=\"widget\" data-widget_type=\"image.default\">\n\t\t\t\t<div class=\"elementor-widget-container\">\n\t\t\t\t\t\t\t\t\t\t\t\t\t\t\t<img decoding=\"async\" src=\"https:\/\/nosegallery.com\/wp-content\/uploads\/elementor\/thumbs\/Dmytro-Kryshovski-r37gipyz07vdf2kkx9pws7oedlg19yzdcu2a98xw6g.jpg\" title=\"Dmytro Kryshovski\" alt=\"Dmytro Kryshovski\" loading=\"lazy\" \/>\t\t\t\t\t\t\t\t\t\t\t\t\t\t\t<\/div>\n\t\t\t\t<\/div>\n\t\t\t\t\t<\/div>\n\t\t<\/div>\n\t\t\t\t<div class=\"elementor-column elementor-col-50 elementor-inner-column elementor-element elementor-element-1a8b1555 elementor-invisible\" data-id=\"1a8b1555\" data-element_type=\"column\" data-settings=\"{&quot;animation&quot;:&quot;fadeInRight&quot;}\">\n\t\t\t<div class=\"elementor-widget-wrap elementor-element-populated\">\n\t\t\t\t\t\t<div class=\"elementor-element elementor-element-57252616 elementor-widget elementor-widget-heading\" data-id=\"57252616\" data-element_type=\"widget\" data-widget_type=\"heading.default\">\n\t\t\t\t<div class=\"elementor-widget-container\">\n\t\t\t\t\t<h1 class=\"elementor-heading-title elementor-size-default\">Dmytro Kryshovski<\/h1>\t\t\t\t<\/div>\n\t\t\t\t<\/div>\n\t\t\t\t<div class=\"elementor-element elementor-element-6ff01d99 elementor-invisible elementor-widget elementor-widget-heading\" data-id=\"6ff01d99\" data-element_type=\"widget\" data-settings=\"{&quot;_animation&quot;:&quot;fadeInDown&quot;,&quot;_animation_delay&quot;:800}\" data-widget_type=\"heading.default\">\n\t\t\t\t<div class=\"elementor-widget-container\">\n\t\t\t\t\t<h2 class=\"elementor-heading-title elementor-size-default\">Dmitro Krishovsky es uno de los talentos m\u00e1s j\u00f3venes que se exhiben actualmente en la Galer\u00eda Nose.<\/h2>\t\t\t\t<\/div>\n\t\t\t\t<\/div>\n\t\t\t\t<div class=\"elementor-element elementor-element-4b6373be elementor-widget elementor-widget-text-editor\" data-id=\"4b6373be\" data-element_type=\"widget\" data-widget_type=\"text-editor.default\">\n\t\t\t\t<div class=\"elementor-widget-container\">\n\t\t\t\t\t\t\t\t\tLa exposici\u00f3n colectiva titulada \"El legado de Vermeer\" est\u00e1 dedicada a la vida dom\u00e9stica, cotidiana, al bodeg\u00f3n sencillo, a los objetos que nos rodean, a la calma del hogar, a los alimentos que consumimos.\t\t\t\t\t\t\t\t<\/div>\n\t\t\t\t<\/div>\n\t\t\t\t\t<\/div>\n\t\t<\/div>\n\t\t\t\t\t<\/div>\n\t\t<\/section>\n\t\t\t\t\t<\/div>\n\t\t<\/div>\n\t\t\t\t\t<\/div>\n\t\t<\/section>\n\t\t\t\t<section class=\"elementor-section elementor-top-section elementor-element elementor-element-4583c66b elementor-section-boxed elementor-section-height-default elementor-section-height-default\" data-id=\"4583c66b\" data-element_type=\"section\" data-settings=\"{&quot;background_background&quot;:&quot;classic&quot;}\">\n\t\t\t\t\t\t<div class=\"elementor-container elementor-column-gap-default\">\n\t\t\t\t\t<div class=\"elementor-column elementor-col-100 elementor-top-column elementor-element elementor-element-4bc199cb\" data-id=\"4bc199cb\" data-element_type=\"column\">\n\t\t\t<div class=\"elementor-widget-wrap elementor-element-populated\">\n\t\t\t\t\t\t<div class=\"elementor-element elementor-element-26dbb065 elementor-widget elementor-widget-jet-woo-products\" data-id=\"26dbb065\" data-element_type=\"widget\" data-settings=\"{&quot;columns&quot;:&quot;4&quot;}\" data-widget_type=\"jet-woo-products.default\">\n\t\t\t\t<div class=\"elementor-widget-container\">\n\t\t\t\t\t<div class=\"elementor-jet-woo-products jet-woo-builder\"><div class=\"jet-woo-products jet-woo-products--preset-1 col-row\" data-mobile-hover=\"\" >\n<div class=\"jet-woo-products__item jet-woo-builder-product jet-woo-thumb-with-effect\" data-product-id=\"11217\">\n\t<div class=\"jet-woo-products__inner-box\"  >\n\t\t\n<div class=\"jet-woo-product-thumbnail\">\n\t\n\t<a href=\"https:\/\/nosegallery.com\/es\/producto\/eggs-of-steel\/\" ><div class=\"jet-woo-product-thumbs effect-fade\"><div class=\"jet-woo-product-thumbs__inner\"><img fetchpriority=\"high\" decoding=\"async\" width=\"370\" height=\"500\" src=\"https:\/\/nosegallery.com\/wp-content\/uploads\/2025\/04\/Eggs-of-Steel-interior-2-370x500.jpg\" class=\"attachment-kava-thumb-m-vertical size-kava-thumb-m-vertical\" alt=\"\" data-no-lazy=\"1\" loading=\"auto\" \/><img decoding=\"async\" width=\"370\" height=\"500\" src=\"https:\/\/nosegallery.com\/wp-content\/uploads\/2025\/04\/Eggs-of-Steel-Dmytro-Kryshovski-370x500.jpg\" class=\"attachment-kava-thumb-m-vertical size-kava-thumb-m-vertical\" alt=\"\" data-no-lazy=\"1\" loading=\"auto\" \/><\/div><\/div><\/a>\n\t<div class=\"jet-woo-product-img-overlay\"><\/div>\n\n\t\n\t<\/div><h5 class=\"jet-woo-product-title\" ><a href=\"https:\/\/nosegallery.com\/es\/producto\/eggs-of-steel\/\" >Huevos de acero<\/a><\/h5>\n<div class=\"jet-woo-product-price\">\n\t<span class=\"price\"><span class=\"woocommerce-Price-amount amount\"><bdi><span class=\"woocommerce-Price-currencySymbol\">&euro;<\/span>240.00<\/bdi><\/span><\/span>\n<\/div>\n<div class=\"jet-woo-product-button\">\n\t<a href=\"\/es\/wp-json\/wp\/v2\/pages\/11931?add-to-cart=11217\" data-quantity=\"1\" class=\"button product_type_simple add_to_cart_button ajax_add_to_cart\" data-product_id=\"11217\" data-product_sku=\"\" aria-label=\"A\u00f1adir al carrito: \u201cEggs of Steel\u201d\" rel=\"nofollow\" data-no-translation-aria-label=\"\"><span class=\"button-text\" data-no-translation=\"\" data-trp-gettext=\"\">A\u00f1adir al carrito<\/span><\/a>\t<span id=\"woocommerce_loop_add_to_cart_link_describedby_11217\" class=\"screen-reader-text\">\n\t\t\t<\/span>\n<\/div>\n<div class=\"jet-woo-products-cqw-wrapper\">\n\t<\/div>\t<\/div>\n\n\t<\/div>\n<div class=\"jet-woo-products__item jet-woo-builder-product jet-woo-thumb-with-effect\" data-product-id=\"11208\">\n\t<div class=\"jet-woo-products__inner-box\"  >\n\t\t\n<div class=\"jet-woo-product-thumbnail\">\n\t\n\t<a href=\"https:\/\/nosegallery.com\/es\/producto\/good-harvest\/\" ><div class=\"jet-woo-product-thumbs effect-fade\"><div class=\"jet-woo-product-thumbs__inner\"><img decoding=\"async\" width=\"370\" height=\"500\" src=\"https:\/\/nosegallery.com\/wp-content\/uploads\/2025\/03\/Good-Harvest-interior-vieew-370x500.jpg\" class=\"attachment-kava-thumb-m-vertical size-kava-thumb-m-vertical\" alt=\"\" data-no-lazy=\"1\" loading=\"auto\" srcset=\"https:\/\/nosegallery.com\/wp-content\/uploads\/2025\/03\/Good-Harvest-interior-vieew-370x500.jpg 370w, https:\/\/nosegallery.com\/wp-content\/uploads\/2025\/03\/Good-Harvest-interior-vieew-8x12.jpg 8w\" sizes=\"(max-width: 370px) 100vw, 370px\" \/><img decoding=\"async\" width=\"370\" height=\"500\" src=\"https:\/\/nosegallery.com\/wp-content\/uploads\/2025\/03\/jEbb0RJK-370x500.jpeg\" class=\"attachment-kava-thumb-m-vertical size-kava-thumb-m-vertical\" alt=\"\" data-no-lazy=\"1\" loading=\"auto\" srcset=\"https:\/\/nosegallery.com\/wp-content\/uploads\/2025\/03\/jEbb0RJK-370x500.jpeg 370w, https:\/\/nosegallery.com\/wp-content\/uploads\/2025\/03\/jEbb0RJK-9x12.jpeg 9w, https:\/\/nosegallery.com\/wp-content\/uploads\/2025\/03\/jEbb0RJK-800x1080.jpeg 800w\" sizes=\"(max-width: 370px) 100vw, 370px\" \/><\/div><\/div><\/a>\n\t<div class=\"jet-woo-product-img-overlay\"><\/div>\n\n\t\n\t<\/div><h5 class=\"jet-woo-product-title\" ><a href=\"https:\/\/nosegallery.com\/es\/producto\/good-harvest\/\" >Buena cosecha<\/a><\/h5>\n<div class=\"jet-woo-product-price\">\n\t<span class=\"price\"><span class=\"woocommerce-Price-amount amount\"><bdi><span class=\"woocommerce-Price-currencySymbol\">&euro;<\/span>120.00<\/bdi><\/span><\/span>\n<\/div>\n<div class=\"jet-woo-product-button\">\n\t<a href=\"\/es\/wp-json\/wp\/v2\/pages\/11931?add-to-cart=11208\" data-quantity=\"1\" class=\"button product_type_simple add_to_cart_button ajax_add_to_cart\" data-product_id=\"11208\" data-product_sku=\"\" aria-label=\"A\u00f1adir al carrito: \u201cGood Harvest\u201d\" rel=\"nofollow\" data-no-translation-aria-label=\"\"><span class=\"button-text\" data-no-translation=\"\" data-trp-gettext=\"\">A\u00f1adir al carrito<\/span><\/a>\t<span id=\"woocommerce_loop_add_to_cart_link_describedby_11208\" class=\"screen-reader-text\">\n\t\t\t<\/span>\n<\/div>\n<div class=\"jet-woo-products-cqw-wrapper\">\n\t<\/div>\t<\/div>\n\n\t<\/div>\n<div class=\"jet-woo-products__item jet-woo-builder-product jet-woo-thumb-with-effect\" data-product-id=\"11203\">\n\t<div class=\"jet-woo-products__inner-box\"  >\n\t\t\n<div class=\"jet-woo-product-thumbnail\">\n\t\n\t<a href=\"https:\/\/nosegallery.com\/es\/producto\/sunday-market\/\" ><div class=\"jet-woo-product-thumbs effect-fade\"><div class=\"jet-woo-product-thumbs__inner\"><img decoding=\"async\" width=\"370\" height=\"500\" src=\"https:\/\/nosegallery.com\/wp-content\/uploads\/2025\/03\/Sunday-Market-interior-view-370x500.jpg\" class=\"attachment-kava-thumb-m-vertical size-kava-thumb-m-vertical\" alt=\"\" data-no-lazy=\"1\" loading=\"auto\" srcset=\"https:\/\/nosegallery.com\/wp-content\/uploads\/2025\/03\/Sunday-Market-interior-view-370x500.jpg 370w, https:\/\/nosegallery.com\/wp-content\/uploads\/2025\/03\/Sunday-Market-interior-view-8x12.jpg 8w\" sizes=\"(max-width: 370px) 100vw, 370px\" \/><img decoding=\"async\" width=\"370\" height=\"500\" src=\"https:\/\/nosegallery.com\/wp-content\/uploads\/2025\/03\/IMG_4161-370x500.jpg\" class=\"attachment-kava-thumb-m-vertical size-kava-thumb-m-vertical\" alt=\"\" data-no-lazy=\"1\" loading=\"auto\" \/><\/div><\/div><\/a>\n\t<div class=\"jet-woo-product-img-overlay\"><\/div>\n\n\t\n\t<\/div><h5 class=\"jet-woo-product-title\" ><a href=\"https:\/\/nosegallery.com\/es\/producto\/sunday-market\/\" >Mercado de domingo<\/a><\/h5>\n<div class=\"jet-woo-product-price\">\n\t<span class=\"price\"><span class=\"woocommerce-Price-amount amount\"><bdi><span class=\"woocommerce-Price-currencySymbol\">&euro;<\/span>120.00<\/bdi><\/span><\/span>\n<\/div>\n<div class=\"jet-woo-product-button\">\n\t<a href=\"\/es\/wp-json\/wp\/v2\/pages\/11931?add-to-cart=11203\" data-quantity=\"1\" class=\"button product_type_simple add_to_cart_button ajax_add_to_cart\" data-product_id=\"11203\" data-product_sku=\"\" aria-label=\"A\u00f1adir al carrito: \u201cSunday Market\u201d\" rel=\"nofollow\" data-no-translation-aria-label=\"\"><span class=\"button-text\" data-no-translation=\"\" data-trp-gettext=\"\">A\u00f1adir al carrito<\/span><\/a>\t<span id=\"woocommerce_loop_add_to_cart_link_describedby_11203\" class=\"screen-reader-text\">\n\t\t\t<\/span>\n<\/div>\n<div class=\"jet-woo-products-cqw-wrapper\">\n\t<\/div>\t<\/div>\n\n\t<\/div><\/div>\n<\/div>\t\t\t\t<\/div>\n\t\t\t\t<\/div>\n\t\t\t\t\t<\/div>\n\t\t<\/div>\n\t\t\t\t\t<\/div>\n\t\t<\/section>\n\t\t\t\t<section class=\"elementor-section elementor-top-section elementor-element elementor-element-1e941d1e elementor-section-boxed elementor-section-height-default elementor-section-height-default elementor-invisible\" data-id=\"1e941d1e\" data-element_type=\"section\" data-settings=\"{&quot;animation&quot;:&quot;fadeIn&quot;,&quot;animation_delay&quot;:1000}\">\n\t\t\t\t\t\t<div class=\"elementor-container elementor-column-gap-default\">\n\t\t\t\t\t<div class=\"elementor-column elementor-col-100 elementor-top-column elementor-element elementor-element-1e78dc\" data-id=\"1e78dc\" data-element_type=\"column\">\n\t\t\t<div class=\"elementor-widget-wrap elementor-element-populated\">\n\t\t\t\t\t\t<div class=\"elementor-element elementor-element-32d2073a elementor-widget elementor-widget-text-editor\" data-id=\"32d2073a\" data-element_type=\"widget\" data-widget_type=\"text-editor.default\">\n\t\t\t\t<div class=\"elementor-widget-container\">\n\t\t\t\t\t\t\t\t\tLas impresiones de edici\u00f3n limitada seleccionadas de Dmytro fueron la cereza del pastel, ya que exploran la importancia de alimentos sencillos como las patatas y los huevos, y el poder que hay detr\u00e1s de ellos; podemos ver los pies muy trabajados descansando sobre el mont\u00f3n de patatas, el sustento que probablemente ha trabajado toda su vida para extraer algo que consideramos tan poco importante y tan banal. La figura sin rostro que lleva una camisa folcl\u00f3rica y abraza huevos nos recuerda la mano de obra diaria que est\u00e1 detr\u00e1s de nuestras necesidades cotidianas. Con la obra de Dmytro, viajamos de vuelta al campo, de vuelta a las ra\u00edces.\t\t\t\t\t\t\t\t<\/div>\n\t\t\t\t<\/div>\n\t\t\t\t<div class=\"elementor-element elementor-element-4928a967 elementor-widget elementor-widget-text-editor\" data-id=\"4928a967\" data-element_type=\"widget\" data-widget_type=\"text-editor.default\">\n\t\t\t\t<div class=\"elementor-widget-container\">\n\t\t\t\t\t\t\t\t\tEn la tercera impresi\u00f3n del artista ucraniano, los huevos se est\u00e1n convirtiendo lentamente en granadas.\t\t\t\t\t\t\t\t<\/div>\n\t\t\t\t<\/div>\n\t\t\t\t<div class=\"elementor-element elementor-element-5e2d6a99 elementor-widget elementor-widget-text-editor\" data-id=\"5e2d6a99\" data-element_type=\"widget\" data-widget_type=\"text-editor.default\">\n\t\t\t\t<div class=\"elementor-widget-container\">\n\t\t\t\t\t\t\t\t\tLa afirmaci\u00f3n de que Dmytro Krishovsky fue calificado como uno de los 8 mejores artistas gr\u00e1ficos de Ucrania y que tiene solo 35 a\u00f1os es mayormente correcta, con una peque\u00f1a nuance en la edad.\t\t\t\t\t\t\t\t<\/div>\n\t\t\t\t<\/div>\n\t\t\t\t\t<\/div>\n\t\t<\/div>\n\t\t\t\t\t<\/div>\n\t\t<\/section>\n\t\t\t\t<section class=\"elementor-section elementor-top-section elementor-element elementor-element-7cf2de2e elementor-section-boxed elementor-section-height-default elementor-section-height-default\" data-id=\"7cf2de2e\" data-element_type=\"section\">\n\t\t\t\t\t\t<div class=\"elementor-container elementor-column-gap-default\">\n\t\t\t\t\t<div class=\"elementor-column elementor-col-100 elementor-top-column elementor-element elementor-element-3b97f700\" data-id=\"3b97f700\" data-element_type=\"column\">\n\t\t\t<div class=\"elementor-widget-wrap elementor-element-populated\">\n\t\t\t\t\t\t<div class=\"elementor-element elementor-element-44344071 elementor-widget elementor-widget-spacer\" data-id=\"44344071\" data-element_type=\"widget\" data-widget_type=\"spacer.default\">\n\t\t\t\t<div class=\"elementor-widget-container\">\n\t\t\t\t\t\t\t<div class=\"elementor-spacer\">\n\t\t\t<div class=\"elementor-spacer-inner\"><\/div>\n\t\t<\/div>\n\t\t\t\t\t\t<\/div>\n\t\t\t\t<\/div>\n\t\t\t\t\t<\/div>\n\t\t<\/div>\n\t\t\t\t\t<\/div>\n\t\t<\/section>\n\t\t\t\t<\/div>","protected":false},"excerpt":{"rendered":"<p>Dmytro Kryshovski Dmitro Krishovsky is one of the youngest talents currently on show at Nose Gallery. The group exhibition titled \u201cVermeer\u2019s Legacy\u201d is dedicated to the domestic, everyday, simple still life, objects that surrounds us, the calm of the household, the food that we consume. Eggs of Steel &euro;240.00 Add to cart Good Harvest &euro;120.00 [&hellip;]<\/p>","protected":false},"author":1,"featured_media":0,"parent":0,"menu_order":0,"comment_status":"closed","ping_status":"closed","template":"elementor_header_footer","meta":{"footnotes":""},"class_list":["post-11931","page","type-page","status-publish","hentry"],"_links":{"self":[{"href":"https:\/\/nosegallery.com\/es\/wp-json\/wp\/v2\/pages\/11931","targetHints":{"allow":["GET"]}}],"collection":[{"href":"https:\/\/nosegallery.com\/es\/wp-json\/wp\/v2\/pages"}],"about":[{"href":"https:\/\/nosegallery.com\/es\/wp-json\/wp\/v2\/types\/page"}],"author":[{"embeddable":true,"href":"https:\/\/nosegallery.com\/es\/wp-json\/wp\/v2\/users\/1"}],"replies":[{"embeddable":true,"href":"https:\/\/nosegallery.com\/es\/wp-json\/wp\/v2\/comments?post=11931"}],"version-history":[{"count":8,"href":"https:\/\/nosegallery.com\/es\/wp-json\/wp\/v2\/pages\/11931\/revisions"}],"predecessor-version":[{"id":12613,"href":"https:\/\/nosegallery.com\/es\/wp-json\/wp\/v2\/pages\/11931\/revisions\/12613"}],"wp:attachment":[{"href":"https:\/\/nosegallery.com\/es\/wp-json\/wp\/v2\/media?parent=11931"}],"curies":[{"name":"wp","href":"https:\/\/api.w.org\/{rel}","templated":true}]}}