{"id":11994,"date":"2025-03-26T05:31:48","date_gmt":"2025-03-26T05:31:48","guid":{"rendered":"https:\/\/nosegallery.com\/?page_id=11994"},"modified":"2025-03-31T14:51:28","modified_gmt":"2025-03-31T14:51:28","slug":"serhii-luchishine","status":"publish","type":"page","link":"https:\/\/nosegallery.com\/es\/serhii-luchishine\/","title":{"rendered":"Serhii Luchishine"},"content":{"rendered":"<div data-elementor-type=\"wp-page\" data-elementor-id=\"11994\" class=\"elementor elementor-11994\">\n\t\t\t\t\t\t<section class=\"elementor-section elementor-top-section elementor-element elementor-element-46886574 elementor-section-stretched elementor-section-height-min-height elementor-section-boxed elementor-section-height-default elementor-section-items-middle\" data-id=\"46886574\" data-element_type=\"section\" data-settings=\"{&quot;stretch_section&quot;:&quot;section-stretched&quot;,&quot;background_background&quot;:&quot;classic&quot;}\">\n\t\t\t\t\t\t\t<div class=\"elementor-background-overlay\"><\/div>\n\t\t\t\t\t\t\t<div class=\"elementor-container elementor-column-gap-default\">\n\t\t\t\t\t<div class=\"elementor-column elementor-col-100 elementor-top-column elementor-element elementor-element-1a52fcc\" data-id=\"1a52fcc\" data-element_type=\"column\">\n\t\t\t<div class=\"elementor-widget-wrap elementor-element-populated\">\n\t\t\t\t\t\t<section class=\"elementor-section elementor-inner-section elementor-element elementor-element-212b4ade elementor-section-boxed elementor-section-height-default elementor-section-height-default\" data-id=\"212b4ade\" data-element_type=\"section\">\n\t\t\t\t\t\t<div class=\"elementor-container elementor-column-gap-default\">\n\t\t\t\t\t<div class=\"elementor-column elementor-col-50 elementor-inner-column elementor-element elementor-element-14c2437b elementor-invisible\" data-id=\"14c2437b\" data-element_type=\"column\" data-settings=\"{&quot;animation&quot;:&quot;fadeInLeft&quot;}\">\n\t\t\t<div class=\"elementor-widget-wrap elementor-element-populated\">\n\t\t\t\t\t\t<div class=\"elementor-element elementor-element-4e489db9 elementor-widget elementor-widget-image\" data-id=\"4e489db9\" data-element_type=\"widget\" data-widget_type=\"image.default\">\n\t\t\t\t<div class=\"elementor-widget-container\">\n\t\t\t\t\t\t\t\t\t\t\t\t\t\t\t<img decoding=\"async\" src=\"https:\/\/nosegallery.com\/wp-content\/uploads\/elementor\/thumbs\/Serhii-Luchishine-r3ex6aobnzj1662hpv0kbmhz03hdlugr2oqw08stns.jpg\" title=\"Serhii Luchishine\" alt=\"Serhii Luchishine\" loading=\"lazy\" \/>\t\t\t\t\t\t\t\t\t\t\t\t\t\t\t<\/div>\n\t\t\t\t<\/div>\n\t\t\t\t\t<\/div>\n\t\t<\/div>\n\t\t\t\t<div class=\"elementor-column elementor-col-50 elementor-inner-column elementor-element elementor-element-418fe62f elementor-invisible\" data-id=\"418fe62f\" data-element_type=\"column\" data-settings=\"{&quot;animation&quot;:&quot;fadeInRight&quot;}\">\n\t\t\t<div class=\"elementor-widget-wrap elementor-element-populated\">\n\t\t\t\t\t\t<div class=\"elementor-element elementor-element-55fd2025 elementor-widget elementor-widget-heading\" data-id=\"55fd2025\" data-element_type=\"widget\" data-widget_type=\"heading.default\">\n\t\t\t\t<div class=\"elementor-widget-container\">\n\t\t\t\t\t<h1 class=\"elementor-heading-title elementor-size-default\">Serhii Luchishine<\/h1>\t\t\t\t<\/div>\n\t\t\t\t<\/div>\n\t\t\t\t<div class=\"elementor-element elementor-element-75ead8fe elementor-invisible elementor-widget elementor-widget-heading\" data-id=\"75ead8fe\" data-element_type=\"widget\" data-settings=\"{&quot;_animation&quot;:&quot;fadeInDown&quot;,&quot;_animation_delay&quot;:800}\" data-widget_type=\"heading.default\">\n\t\t\t\t<div class=\"elementor-widget-container\">\n\t\t\t\t\t<h2 class=\"elementor-heading-title elementor-size-default\">Serhii es un artista consagrado, guionista y director de cine. Naci\u00f3 en Odesa en 1967, donde termin\u00f3 la Academia Estatal de Arte. Durante su extensa carrera, Serhii vivi\u00f3 en Odesa, Mosc\u00fa y Par\u00eds. <\/h2>\t\t\t\t<\/div>\n\t\t\t\t<\/div>\n\t\t\t\t<div class=\"elementor-element elementor-element-d7ba07f elementor-widget elementor-widget-text-editor\" data-id=\"d7ba07f\" data-element_type=\"widget\" data-widget_type=\"text-editor.default\">\n\t\t\t\t<div class=\"elementor-widget-container\">\n\t\t\t\t\t\t\t\t\t<p>Durante todo este tiempo contin\u00faa pintando y trabajando en cine; muchas de sus obras pict\u00f3ricas y cinematogr\u00e1ficas se centran en una est\u00e9tica minimalista, la quietud y la tensi\u00f3n.<\/p>\t\t\t\t\t\t\t\t<\/div>\n\t\t\t\t<\/div>\n\t\t\t\t\t<\/div>\n\t\t<\/div>\n\t\t\t\t\t<\/div>\n\t\t<\/section>\n\t\t\t\t\t<\/div>\n\t\t<\/div>\n\t\t\t\t\t<\/div>\n\t\t<\/section>\n\t\t\t\t<section class=\"elementor-section elementor-top-section elementor-element elementor-element-137d9024 elementor-section-boxed elementor-section-height-default elementor-section-height-default\" data-id=\"137d9024\" data-element_type=\"section\" data-settings=\"{&quot;background_background&quot;:&quot;classic&quot;}\">\n\t\t\t\t\t\t<div class=\"elementor-container elementor-column-gap-default\">\n\t\t\t\t\t<div class=\"elementor-column elementor-col-100 elementor-top-column elementor-element elementor-element-5088fa89\" data-id=\"5088fa89\" data-element_type=\"column\">\n\t\t\t<div class=\"elementor-widget-wrap elementor-element-populated\">\n\t\t\t\t\t\t<div class=\"elementor-element elementor-element-4ecb64f7 elementor-widget elementor-widget-jet-woo-products\" data-id=\"4ecb64f7\" data-element_type=\"widget\" data-settings=\"{&quot;columns&quot;:&quot;3&quot;}\" data-widget_type=\"jet-woo-products.default\">\n\t\t\t\t<div class=\"elementor-widget-container\">\n\t\t\t\t\t<div class=\"elementor-jet-woo-products jet-woo-builder\"><div class=\"jet-woo-products jet-woo-products--preset-1 col-row\" data-mobile-hover=\"\" >\n<div class=\"jet-woo-products__item jet-woo-builder-product jet-woo-thumb-with-effect\" data-product-id=\"10941\">\n\t<div class=\"jet-woo-products__inner-box\"  >\n\t\t\n<div class=\"jet-woo-product-thumbnail\">\n\t\n\t<a href=\"https:\/\/nosegallery.com\/es\/producto\/a-pear\/\" ><div class=\"jet-woo-product-thumbs effect-fade\"><div class=\"jet-woo-product-thumbs__inner\"><img fetchpriority=\"high\" decoding=\"async\" width=\"370\" height=\"500\" src=\"https:\/\/nosegallery.com\/wp-content\/uploads\/2025\/03\/A-Pear-interior-1-370x500.jpg\" class=\"attachment-kava-thumb-m-vertical size-kava-thumb-m-vertical\" alt=\"\" data-no-lazy=\"1\" loading=\"auto\" srcset=\"https:\/\/nosegallery.com\/wp-content\/uploads\/2025\/03\/A-Pear-interior-1-370x500.jpg 370w, https:\/\/nosegallery.com\/wp-content\/uploads\/2025\/03\/A-Pear-interior-1-9x12.jpg 9w\" sizes=\"(max-width: 370px) 100vw, 370px\" \/><img decoding=\"async\" width=\"370\" height=\"500\" src=\"https:\/\/nosegallery.com\/wp-content\/uploads\/2025\/03\/IMG_4592-370x500.jpg\" class=\"attachment-kava-thumb-m-vertical size-kava-thumb-m-vertical\" alt=\"\" data-no-lazy=\"1\" loading=\"auto\" \/><\/div><\/div><\/a>\n\t<div class=\"jet-woo-product-img-overlay\"><\/div>\n\n\t\n\t<\/div><h5 class=\"jet-woo-product-title\" ><a href=\"https:\/\/nosegallery.com\/es\/producto\/a-pear\/\" >Una pera<\/a><\/h5>\n<div class=\"jet-woo-product-price\">\n\t<span class=\"price\"><span class=\"woocommerce-Price-amount amount\"><bdi><span class=\"woocommerce-Price-currencySymbol\">&euro;<\/span>650.00<\/bdi><\/span><\/span>\n<\/div>\n<div class=\"jet-woo-product-button\">\n\t<a href=\"\/es\/wp-json\/wp\/v2\/pages\/11994?add-to-cart=10941\" data-quantity=\"1\" class=\"button product_type_simple add_to_cart_button ajax_add_to_cart\" data-product_id=\"10941\" data-product_sku=\"\" aria-label=\"A\u00f1adir al carrito: \u201cA Pear\u201d\" rel=\"nofollow\" data-no-translation-aria-label=\"\"><span class=\"button-text\" data-no-translation=\"\" data-trp-gettext=\"\">A\u00f1adir al carrito<\/span><\/a>\t<span id=\"woocommerce_loop_add_to_cart_link_describedby_10941\" class=\"screen-reader-text\">\n\t\t\t<\/span>\n<\/div>\n<div class=\"jet-woo-products-cqw-wrapper\">\n\t<\/div>\t<\/div>\n\n\t<\/div>\n<div class=\"jet-woo-products__item jet-woo-builder-product jet-woo-thumb-with-effect\" data-product-id=\"10935\">\n\t<div class=\"jet-woo-products__inner-box\"  >\n\t\t\n<div class=\"jet-woo-product-thumbnail\">\n\t\n\t<a href=\"https:\/\/nosegallery.com\/es\/producto\/yello-chair\/\" ><div class=\"jet-woo-product-thumbs effect-fade\"><div class=\"jet-woo-product-thumbs__inner\"><img decoding=\"async\" width=\"370\" height=\"500\" src=\"https:\/\/nosegallery.com\/wp-content\/uploads\/2025\/03\/sold_chair-370x500.jpg\" class=\"attachment-kava-thumb-m-vertical size-kava-thumb-m-vertical\" alt=\"\" data-no-lazy=\"1\" loading=\"auto\" \/><img decoding=\"async\" width=\"370\" height=\"500\" src=\"https:\/\/nosegallery.com\/wp-content\/uploads\/2025\/03\/sold-370x500.jpg\" class=\"attachment-kava-thumb-m-vertical size-kava-thumb-m-vertical\" alt=\"\" data-no-lazy=\"1\" loading=\"auto\" \/><\/div><\/div><\/a>\n\t<div class=\"jet-woo-product-img-overlay\"><\/div>\n\n\t\n\t<\/div><h5 class=\"jet-woo-product-title\" ><a href=\"https:\/\/nosegallery.com\/es\/producto\/yello-chair\/\" >Silla amarilla<\/a><\/h5>\n<div class=\"jet-woo-product-price\">\n\t<span class=\"price\"><span class=\"woocommerce-Price-amount amount\"><bdi><span class=\"woocommerce-Price-currencySymbol\">&euro;<\/span>1,200.00<\/bdi><\/span><\/span>\n<\/div>\n<div class=\"jet-woo-product-button\">\n\t<a href=\"\/es\/wp-json\/wp\/v2\/pages\/11994?add-to-cart=10935\" data-quantity=\"1\" class=\"button product_type_simple add_to_cart_button ajax_add_to_cart\" data-product_id=\"10935\" data-product_sku=\"\" aria-label=\"A\u00f1adir al carrito: \u201cYello Chair\u201d\" rel=\"nofollow\" data-no-translation-aria-label=\"\"><span class=\"button-text\" data-no-translation=\"\" data-trp-gettext=\"\">A\u00f1adir al carrito<\/span><\/a>\t<span id=\"woocommerce_loop_add_to_cart_link_describedby_10935\" class=\"screen-reader-text\">\n\t\t\t<\/span>\n<\/div>\n<div class=\"jet-woo-products-cqw-wrapper\">\n\t<\/div>\t<\/div>\n\n\t<\/div>\n<div class=\"jet-woo-products__item jet-woo-builder-product jet-woo-thumb-with-effect\" data-product-id=\"10927\">\n\t<div class=\"jet-woo-products__inner-box\"  >\n\t\t\n<div class=\"jet-woo-product-thumbnail\">\n\t\n\t<a href=\"https:\/\/nosegallery.com\/es\/producto\/a-box\/\" ><div class=\"jet-woo-product-thumbs effect-fade\"><div class=\"jet-woo-product-thumbs__inner\"><img decoding=\"async\" width=\"370\" height=\"500\" src=\"https:\/\/nosegallery.com\/wp-content\/uploads\/2025\/03\/A-Box-interior-1-370x500.jpg\" class=\"attachment-kava-thumb-m-vertical size-kava-thumb-m-vertical\" alt=\"\" data-no-lazy=\"1\" loading=\"auto\" \/><img decoding=\"async\" width=\"370\" height=\"500\" src=\"https:\/\/nosegallery.com\/wp-content\/uploads\/2025\/03\/IMG_4595-370x500.jpg\" class=\"attachment-kava-thumb-m-vertical size-kava-thumb-m-vertical\" alt=\"\" data-no-lazy=\"1\" loading=\"auto\" \/><\/div><\/div><\/a>\n\t<div class=\"jet-woo-product-img-overlay\"><\/div>\n\n\t\n\t<\/div><h5 class=\"jet-woo-product-title\" ><a href=\"https:\/\/nosegallery.com\/es\/producto\/a-box\/\" >Una caja<\/a><\/h5>\n<div class=\"jet-woo-product-price\">\n\t<span class=\"price\"><span class=\"woocommerce-Price-amount amount\"><bdi><span class=\"woocommerce-Price-currencySymbol\">&euro;<\/span>650.00<\/bdi><\/span><\/span>\n<\/div>\n<div class=\"jet-woo-product-button\">\n\t<a href=\"\/es\/wp-json\/wp\/v2\/pages\/11994?add-to-cart=10927\" data-quantity=\"1\" class=\"button product_type_simple add_to_cart_button ajax_add_to_cart\" data-product_id=\"10927\" data-product_sku=\"\" aria-label=\"A\u00f1adir al carrito: \u201cA Box\u201d\" rel=\"nofollow\" data-no-translation-aria-label=\"\"><span class=\"button-text\" data-no-translation=\"\" data-trp-gettext=\"\">A\u00f1adir al carrito<\/span><\/a>\t<span id=\"woocommerce_loop_add_to_cart_link_describedby_10927\" class=\"screen-reader-text\">\n\t\t\t<\/span>\n<\/div>\n<div class=\"jet-woo-products-cqw-wrapper\">\n\t<\/div>\t<\/div>\n\n\t<\/div>\n<div class=\"jet-woo-products__item jet-woo-builder-product jet-woo-thumb-with-effect\" data-product-id=\"10918\">\n\t<div class=\"jet-woo-products__inner-box\"  >\n\t\t\n<div class=\"jet-woo-product-thumbnail\">\n\t\n\t<a href=\"https:\/\/nosegallery.com\/es\/producto\/a-briefcase\/\" ><div class=\"jet-woo-product-thumbs effect-fade\"><div class=\"jet-woo-product-thumbs__inner\"><img decoding=\"async\" width=\"370\" height=\"500\" src=\"https:\/\/nosegallery.com\/wp-content\/uploads\/2025\/03\/A-Briefcase-interior-370x500.jpg\" class=\"attachment-kava-thumb-m-vertical size-kava-thumb-m-vertical\" alt=\"\" data-no-lazy=\"1\" loading=\"auto\" srcset=\"https:\/\/nosegallery.com\/wp-content\/uploads\/2025\/03\/A-Briefcase-interior-370x500.jpg 370w, https:\/\/nosegallery.com\/wp-content\/uploads\/2025\/03\/A-Briefcase-interior-9x12.jpg 9w\" sizes=\"(max-width: 370px) 100vw, 370px\" \/><img decoding=\"async\" width=\"370\" height=\"500\" src=\"https:\/\/nosegallery.com\/wp-content\/uploads\/2025\/03\/IMG_4593-370x500.jpg\" class=\"attachment-kava-thumb-m-vertical size-kava-thumb-m-vertical\" alt=\"\" data-no-lazy=\"1\" loading=\"auto\" \/><\/div><\/div><\/a>\n\t<div class=\"jet-woo-product-img-overlay\"><\/div>\n\n\t\n\t<\/div><h5 class=\"jet-woo-product-title\" ><a href=\"https:\/\/nosegallery.com\/es\/producto\/a-briefcase\/\" >Un malet\u00edn<\/a><\/h5>\n<div class=\"jet-woo-product-price\">\n\t<span class=\"price\"><span class=\"woocommerce-Price-amount amount\"><bdi><span class=\"woocommerce-Price-currencySymbol\">&euro;<\/span>600.00<\/bdi><\/span><\/span>\n<\/div>\n<div class=\"jet-woo-product-button\">\n\t<a href=\"\/es\/wp-json\/wp\/v2\/pages\/11994?add-to-cart=10918\" data-quantity=\"1\" class=\"button product_type_simple add_to_cart_button ajax_add_to_cart\" data-product_id=\"10918\" data-product_sku=\"\" aria-label=\"A\u00f1adir al carrito: \u201cA Briefcase\u201d\" rel=\"nofollow\" data-no-translation-aria-label=\"\"><span class=\"button-text\" data-no-translation=\"\" data-trp-gettext=\"\">A\u00f1adir al carrito<\/span><\/a>\t<span id=\"woocommerce_loop_add_to_cart_link_describedby_10918\" class=\"screen-reader-text\">\n\t\t\t<\/span>\n<\/div>\n<div class=\"jet-woo-products-cqw-wrapper\">\n\t<\/div>\t<\/div>\n\n\t<\/div>\n<div class=\"jet-woo-products__item jet-woo-builder-product jet-woo-thumb-with-effect\" data-product-id=\"10912\">\n\t<div class=\"jet-woo-products__inner-box\"  >\n\t\t\n<div class=\"jet-woo-product-thumbnail\">\n\t\n\t<a href=\"https:\/\/nosegallery.com\/es\/producto\/red-bottle\/\" ><div class=\"jet-woo-product-thumbs effect-fade\"><div class=\"jet-woo-product-thumbs__inner\"><img decoding=\"async\" width=\"370\" height=\"500\" src=\"https:\/\/nosegallery.com\/wp-content\/uploads\/2025\/03\/Red-Bottle-interior-370x500.jpg\" class=\"attachment-kava-thumb-m-vertical size-kava-thumb-m-vertical\" alt=\"\" data-no-lazy=\"1\" loading=\"auto\" srcset=\"https:\/\/nosegallery.com\/wp-content\/uploads\/2025\/03\/Red-Bottle-interior-370x500.jpg 370w, https:\/\/nosegallery.com\/wp-content\/uploads\/2025\/03\/Red-Bottle-interior-9x12.jpg 9w\" sizes=\"(max-width: 370px) 100vw, 370px\" \/><img decoding=\"async\" width=\"370\" height=\"500\" src=\"https:\/\/nosegallery.com\/wp-content\/uploads\/2025\/03\/IMG_4596-370x500.jpg\" class=\"attachment-kava-thumb-m-vertical size-kava-thumb-m-vertical\" alt=\"\" data-no-lazy=\"1\" loading=\"auto\" \/><\/div><\/div><\/a>\n\t<div class=\"jet-woo-product-img-overlay\"><\/div>\n\n\t\n\t<\/div><h5 class=\"jet-woo-product-title\" ><a href=\"https:\/\/nosegallery.com\/es\/producto\/red-bottle\/\" >Botella roja<\/a><\/h5>\n<div class=\"jet-woo-product-price\">\n\t<span class=\"price\"><span class=\"woocommerce-Price-amount amount\"><bdi><span class=\"woocommerce-Price-currencySymbol\">&euro;<\/span>600.00<\/bdi><\/span><\/span>\n<\/div>\n<div class=\"jet-woo-product-button\">\n\t<a href=\"\/es\/wp-json\/wp\/v2\/pages\/11994?add-to-cart=10912\" data-quantity=\"1\" class=\"button product_type_simple add_to_cart_button ajax_add_to_cart\" data-product_id=\"10912\" data-product_sku=\"\" aria-label=\"A\u00f1adir al carrito: \u201cRed Bottle\u201d\" rel=\"nofollow\" data-no-translation-aria-label=\"\"><span class=\"button-text\" data-no-translation=\"\" data-trp-gettext=\"\">A\u00f1adir al carrito<\/span><\/a>\t<span id=\"woocommerce_loop_add_to_cart_link_describedby_10912\" class=\"screen-reader-text\">\n\t\t\t<\/span>\n<\/div>\n<div class=\"jet-woo-products-cqw-wrapper\">\n\t<\/div>\t<\/div>\n\n\t<\/div><\/div>\n<\/div>\t\t\t\t<\/div>\n\t\t\t\t<\/div>\n\t\t\t\t\t<\/div>\n\t\t<\/div>\n\t\t\t\t\t<\/div>\n\t\t<\/section>\n\t\t\t\t<section class=\"elementor-section elementor-top-section elementor-element elementor-element-3699b2b elementor-section-boxed elementor-section-height-default elementor-section-height-default\" data-id=\"3699b2b\" data-element_type=\"section\">\n\t\t\t\t\t\t<div class=\"elementor-container elementor-column-gap-default\">\n\t\t\t\t\t<div class=\"elementor-column elementor-col-100 elementor-top-column elementor-element elementor-element-fbeb3f3\" data-id=\"fbeb3f3\" data-element_type=\"column\">\n\t\t\t<div class=\"elementor-widget-wrap elementor-element-populated\">\n\t\t\t\t\t\t<div class=\"elementor-element elementor-element-712b628 elementor-widget elementor-widget-text-editor\" data-id=\"712b628\" data-element_type=\"widget\" data-widget_type=\"text-editor.default\">\n\t\t\t\t<div class=\"elementor-widget-container\">\n\t\t\t\t\t\t\t\t\t<p>En 2001, Serhii recibi\u00f3 un premio en el Festival Internacional de Cine de Cannes por su pel\u00edcula titulada \"El Retrato\".<\/p>\t\t\t\t\t\t\t\t<\/div>\n\t\t\t\t<\/div>\n\t\t\t\t\t<\/div>\n\t\t<\/div>\n\t\t\t\t\t<\/div>\n\t\t<\/section>\n\t\t\t\t<section class=\"elementor-section elementor-top-section elementor-element elementor-element-5092e86 elementor-section-boxed elementor-section-height-default elementor-section-height-default\" data-id=\"5092e86\" data-element_type=\"section\">\n\t\t\t\t\t\t<div class=\"elementor-container elementor-column-gap-default\">\n\t\t\t\t\t<div class=\"elementor-column elementor-col-100 elementor-top-column elementor-element elementor-element-77a9cb6\" data-id=\"77a9cb6\" data-element_type=\"column\">\n\t\t\t<div class=\"elementor-widget-wrap elementor-element-populated\">\n\t\t\t\t\t\t<div class=\"elementor-element elementor-element-65fe548 elementor-widget elementor-widget-text-editor\" data-id=\"65fe548\" data-element_type=\"widget\" data-widget_type=\"text-editor.default\">\n\t\t\t\t<div class=\"elementor-widget-container\">\n\t\t\t\t\t\t\t\t\t<p>La pel\u00edcula se compone de historias surrealistas y juguetonas sobre la vida de un artista: en una, el artista con dificultades comete un crimen en nombre de su arte; en la segunda, la mujer reci\u00e9n enviudada traiciona la memoria de su difunto esposo y est\u00e1 siendo vigilada por su retrato; en la tercera, el esposo juzga sus acciones con sus amigos en el m\u00e1s all\u00e1.<\/p>\t\t\t\t\t\t\t\t<\/div>\n\t\t\t\t<\/div>\n\t\t\t\t\t<\/div>\n\t\t<\/div>\n\t\t\t\t\t<\/div>\n\t\t<\/section>\n\t\t\t\t<section class=\"elementor-section elementor-top-section elementor-element elementor-element-321a5e8 elementor-section-boxed elementor-section-height-default elementor-section-height-default\" data-id=\"321a5e8\" data-element_type=\"section\">\n\t\t\t\t\t\t<div class=\"elementor-container elementor-column-gap-default\">\n\t\t\t\t\t<div class=\"elementor-column elementor-col-100 elementor-top-column elementor-element elementor-element-4fd0ba6e\" data-id=\"4fd0ba6e\" data-element_type=\"column\">\n\t\t\t<div class=\"elementor-widget-wrap elementor-element-populated\">\n\t\t\t\t\t\t<div class=\"elementor-element elementor-element-1e1cb1ea elementor-widget elementor-widget-text-editor\" data-id=\"1e1cb1ea\" data-element_type=\"widget\" data-widget_type=\"text-editor.default\">\n\t\t\t\t<div class=\"elementor-widget-container\">\n\t\t\t\t\t\t\t\t\t<p>Serhii ha tenido numerosas exposiciones individuales y colectivas en Europa, y durante muchos a\u00f1os colabora con la Galer\u00eda Art Pro Dono en Berl\u00edn y ArtOdessa en Odesa, Ucrania.<\/p>\t\t\t\t\t\t\t\t<\/div>\n\t\t\t\t<\/div>\n\t\t\t\t\t<\/div>\n\t\t<\/div>\n\t\t\t\t\t<\/div>\n\t\t<\/section>\n\t\t\t\t<section class=\"elementor-section elementor-top-section elementor-element elementor-element-a3ab6c1 elementor-section-boxed elementor-section-height-default elementor-section-height-default\" data-id=\"a3ab6c1\" data-element_type=\"section\">\n\t\t\t\t\t\t<div class=\"elementor-container elementor-column-gap-default\">\n\t\t\t\t\t<div class=\"elementor-column elementor-col-100 elementor-top-column elementor-element elementor-element-6f73577\" data-id=\"6f73577\" data-element_type=\"column\">\n\t\t\t<div class=\"elementor-widget-wrap elementor-element-populated\">\n\t\t\t\t\t\t<div class=\"elementor-element elementor-element-f67d65b elementor-widget elementor-widget-text-editor\" data-id=\"f67d65b\" data-element_type=\"widget\" data-widget_type=\"text-editor.default\">\n\t\t\t\t<div class=\"elementor-widget-container\">\n\t\t\t\t\t\t\t\t\t<p>Las pinturas de Luchishinne son luminosas. Hacen que lo cotidiano y lo mundano resplandezcan y tomen el protagonismo en la habitaci\u00f3n.<\/p>\t\t\t\t\t\t\t\t<\/div>\n\t\t\t\t<\/div>\n\t\t\t\t\t<\/div>\n\t\t<\/div>\n\t\t\t\t\t<\/div>\n\t\t<\/section>\n\t\t\t\t<section class=\"elementor-section elementor-top-section elementor-element elementor-element-386a2dae elementor-section-boxed elementor-section-height-default elementor-section-height-default\" data-id=\"386a2dae\" data-element_type=\"section\">\n\t\t\t\t\t\t<div class=\"elementor-container elementor-column-gap-default\">\n\t\t\t\t\t<div class=\"elementor-column elementor-col-100 elementor-top-column elementor-element elementor-element-49160830\" data-id=\"49160830\" data-element_type=\"column\">\n\t\t\t<div class=\"elementor-widget-wrap elementor-element-populated\">\n\t\t\t\t\t\t<div class=\"elementor-element elementor-element-114a67dd elementor-widget elementor-widget-spacer\" data-id=\"114a67dd\" data-element_type=\"widget\" data-widget_type=\"spacer.default\">\n\t\t\t\t<div class=\"elementor-widget-container\">\n\t\t\t\t\t\t\t<div class=\"elementor-spacer\">\n\t\t\t<div class=\"elementor-spacer-inner\"><\/div>\n\t\t<\/div>\n\t\t\t\t\t\t<\/div>\n\t\t\t\t<\/div>\n\t\t\t\t\t<\/div>\n\t\t<\/div>\n\t\t\t\t\t<\/div>\n\t\t<\/section>\n\t\t\t\t<\/div>","protected":false},"excerpt":{"rendered":"<p>Serhii Luchishine Serhii is an established artist, screenwriter and film director. He was born in Odesa in 1967 where he finished State Art Academy. During his extensive career, Serhii lived in Odesa, Moscow and Paris. All this time continues to paint and to work with film &#8211; many of his canvas and cinematic works centred [&hellip;]<\/p>","protected":false},"author":1,"featured_media":0,"parent":0,"menu_order":0,"comment_status":"closed","ping_status":"closed","template":"elementor_header_footer","meta":{"footnotes":""},"class_list":["post-11994","page","type-page","status-publish","hentry"],"_links":{"self":[{"href":"https:\/\/nosegallery.com\/es\/wp-json\/wp\/v2\/pages\/11994","targetHints":{"allow":["GET"]}}],"collection":[{"href":"https:\/\/nosegallery.com\/es\/wp-json\/wp\/v2\/pages"}],"about":[{"href":"https:\/\/nosegallery.com\/es\/wp-json\/wp\/v2\/types\/page"}],"author":[{"embeddable":true,"href":"https:\/\/nosegallery.com\/es\/wp-json\/wp\/v2\/users\/1"}],"replies":[{"embeddable":true,"href":"https:\/\/nosegallery.com\/es\/wp-json\/wp\/v2\/comments?post=11994"}],"version-history":[{"count":10,"href":"https:\/\/nosegallery.com\/es\/wp-json\/wp\/v2\/pages\/11994\/revisions"}],"predecessor-version":[{"id":12584,"href":"https:\/\/nosegallery.com\/es\/wp-json\/wp\/v2\/pages\/11994\/revisions\/12584"}],"wp:attachment":[{"href":"https:\/\/nosegallery.com\/es\/wp-json\/wp\/v2\/media?parent=11994"}],"curies":[{"name":"wp","href":"https:\/\/api.w.org\/{rel}","templated":true}]}}