{"id":12001,"date":"2025-03-26T05:38:28","date_gmt":"2025-03-26T05:38:28","guid":{"rendered":"https:\/\/nosegallery.com\/?page_id=12001"},"modified":"2025-03-26T08:18:45","modified_gmt":"2025-03-26T08:18:45","slug":"vasili-yolohov","status":"publish","type":"page","link":"https:\/\/nosegallery.com\/es\/vasili-yolohov\/","title":{"rendered":"Vasili Yolohov"},"content":{"rendered":"<div data-elementor-type=\"wp-page\" data-elementor-id=\"12001\" class=\"elementor elementor-12001\">\n\t\t\t\t\t\t<section class=\"elementor-section elementor-top-section elementor-element elementor-element-6a1b4596 elementor-section-stretched elementor-section-height-min-height elementor-section-boxed elementor-section-height-default elementor-section-items-middle\" data-id=\"6a1b4596\" data-element_type=\"section\" data-settings=\"{&quot;stretch_section&quot;:&quot;section-stretched&quot;,&quot;background_background&quot;:&quot;classic&quot;}\">\n\t\t\t\t\t\t\t<div class=\"elementor-background-overlay\"><\/div>\n\t\t\t\t\t\t\t<div class=\"elementor-container elementor-column-gap-default\">\n\t\t\t\t\t<div class=\"elementor-column elementor-col-100 elementor-top-column elementor-element elementor-element-2968e08c\" data-id=\"2968e08c\" data-element_type=\"column\">\n\t\t\t<div class=\"elementor-widget-wrap elementor-element-populated\">\n\t\t\t\t\t\t<section class=\"elementor-section elementor-inner-section elementor-element elementor-element-71f2cc21 elementor-section-boxed elementor-section-height-default elementor-section-height-default\" data-id=\"71f2cc21\" data-element_type=\"section\">\n\t\t\t\t\t\t<div class=\"elementor-container elementor-column-gap-default\">\n\t\t\t\t\t<div class=\"elementor-column elementor-col-50 elementor-inner-column elementor-element elementor-element-669caf28 elementor-invisible\" data-id=\"669caf28\" data-element_type=\"column\" data-settings=\"{&quot;animation&quot;:&quot;fadeInRight&quot;}\">\n\t\t\t<div class=\"elementor-widget-wrap elementor-element-populated\">\n\t\t\t\t\t\t<div class=\"elementor-element elementor-element-5fe3571f elementor-widget elementor-widget-heading\" data-id=\"5fe3571f\" data-element_type=\"widget\" data-widget_type=\"heading.default\">\n\t\t\t\t<div class=\"elementor-widget-container\">\n\t\t\t\t\t<h1 class=\"elementor-heading-title elementor-size-default\">Vasili Yolohov<\/h1>\t\t\t\t<\/div>\n\t\t\t\t<\/div>\n\t\t\t\t<div class=\"elementor-element elementor-element-6a252cbc elementor-invisible elementor-widget elementor-widget-heading\" data-id=\"6a252cbc\" data-element_type=\"widget\" data-settings=\"{&quot;_animation&quot;:&quot;fadeInDown&quot;,&quot;_animation_delay&quot;:800}\" data-widget_type=\"heading.default\">\n\t\t\t\t<div class=\"elementor-widget-container\">\n\t\t\t\t\t<h2 class=\"elementor-heading-title elementor-size-default\">Vasili Yolohov es el artista m\u00e1s joven representado en la exposici\u00f3n colectiva, con 30 a\u00f1os. Es un artista multidisciplinario que trabaja principalmente con \u00f3leos y acuarelas.<\/h2>\t\t\t\t<\/div>\n\t\t\t\t<\/div>\n\t\t\t\t\t<\/div>\n\t\t<\/div>\n\t\t\t\t<div class=\"elementor-column elementor-col-50 elementor-inner-column elementor-element elementor-element-4c5fde7 elementor-invisible\" data-id=\"4c5fde7\" data-element_type=\"column\" data-settings=\"{&quot;animation&quot;:&quot;fadeInLeft&quot;}\">\n\t\t\t<div class=\"elementor-widget-wrap elementor-element-populated\">\n\t\t\t\t\t\t\t<\/div>\n\t\t<\/div>\n\t\t\t\t\t<\/div>\n\t\t<\/section>\n\t\t\t\t\t<\/div>\n\t\t<\/div>\n\t\t\t\t\t<\/div>\n\t\t<\/section>\n\t\t\t\t<section class=\"elementor-section elementor-top-section elementor-element elementor-element-69dc45e4 elementor-section-boxed elementor-section-height-default elementor-section-height-default\" data-id=\"69dc45e4\" data-element_type=\"section\" data-settings=\"{&quot;background_background&quot;:&quot;classic&quot;}\">\n\t\t\t\t\t\t<div class=\"elementor-container elementor-column-gap-default\">\n\t\t\t\t\t<div class=\"elementor-column elementor-col-100 elementor-top-column elementor-element elementor-element-1806dbdf\" data-id=\"1806dbdf\" data-element_type=\"column\">\n\t\t\t<div class=\"elementor-widget-wrap elementor-element-populated\">\n\t\t\t\t\t\t<div class=\"elementor-element elementor-element-124ceb0a elementor-widget elementor-widget-jet-woo-products\" data-id=\"124ceb0a\" data-element_type=\"widget\" data-settings=\"{&quot;columns&quot;:&quot;4&quot;}\" data-widget_type=\"jet-woo-products.default\">\n\t\t\t\t<div class=\"elementor-widget-container\">\n\t\t\t\t\t<div class=\"elementor-jet-woo-products jet-woo-builder\"><div class=\"jet-woo-products jet-woo-products--preset-1 col-row\" data-mobile-hover=\"\" >\n<div class=\"jet-woo-products__item jet-woo-builder-product jet-woo-thumb-with-effect\" data-product-id=\"10902\">\n\t<div class=\"jet-woo-products__inner-box\"  >\n\t\t\n<div class=\"jet-woo-product-thumbnail\">\n\t\n\t<a href=\"https:\/\/nosegallery.com\/es\/producto\/fresh-air\/\" ><div class=\"jet-woo-product-thumbs effect-fade\"><div class=\"jet-woo-product-thumbs__inner\"><img fetchpriority=\"high\" decoding=\"async\" width=\"300\" height=\"300\" src=\"https:\/\/nosegallery.com\/wp-content\/uploads\/2025\/03\/IMG_4141-300x300.jpg\" class=\"attachment-woocommerce_thumbnail size-woocommerce_thumbnail\" alt=\"\" data-no-lazy=\"1\" loading=\"auto\" srcset=\"https:\/\/nosegallery.com\/wp-content\/uploads\/2025\/03\/IMG_4141-300x300.jpg 300w, https:\/\/nosegallery.com\/wp-content\/uploads\/2025\/03\/IMG_4141-150x150.jpg 150w, https:\/\/nosegallery.com\/wp-content\/uploads\/2025\/03\/IMG_4141-230x230.jpg 230w, https:\/\/nosegallery.com\/wp-content\/uploads\/2025\/03\/IMG_4141-400x400.jpg 400w, https:\/\/nosegallery.com\/wp-content\/uploads\/2025\/03\/IMG_4141-640x640.jpg 640w, https:\/\/nosegallery.com\/wp-content\/uploads\/2025\/03\/IMG_4141-100x100.jpg 100w\" sizes=\"(max-width: 300px) 100vw, 300px\" \/><img decoding=\"async\" width=\"300\" height=\"300\" src=\"https:\/\/nosegallery.com\/wp-content\/uploads\/2025\/03\/IMG_4126-300x300.jpg\" class=\"attachment-woocommerce_thumbnail size-woocommerce_thumbnail\" alt=\"\" data-no-lazy=\"1\" loading=\"auto\" srcset=\"https:\/\/nosegallery.com\/wp-content\/uploads\/2025\/03\/IMG_4126-300x300.jpg 300w, https:\/\/nosegallery.com\/wp-content\/uploads\/2025\/03\/IMG_4126-150x150.jpg 150w, https:\/\/nosegallery.com\/wp-content\/uploads\/2025\/03\/IMG_4126-230x230.jpg 230w, https:\/\/nosegallery.com\/wp-content\/uploads\/2025\/03\/IMG_4126-400x400.jpg 400w, https:\/\/nosegallery.com\/wp-content\/uploads\/2025\/03\/IMG_4126-640x640.jpg 640w, https:\/\/nosegallery.com\/wp-content\/uploads\/2025\/03\/IMG_4126-100x100.jpg 100w\" sizes=\"(max-width: 300px) 100vw, 300px\" \/><\/div><\/div><\/a>\n\t<div class=\"jet-woo-product-img-overlay\"><\/div>\n\n\t\n\t<\/div><h5 class=\"jet-woo-product-title\" ><a href=\"https:\/\/nosegallery.com\/es\/producto\/fresh-air\/\" >Aire fresco<\/a><\/h5>\n<div class=\"jet-woo-product-price\">\n\t<span class=\"price\"><span class=\"woocommerce-Price-amount amount\"><bdi><span class=\"woocommerce-Price-currencySymbol\">&euro;<\/span>900.00<\/bdi><\/span><\/span>\n<\/div>\n<div class=\"jet-woo-product-button\">\n\t<a href=\"\/es\/wp-json\/wp\/v2\/pages\/12001?add-to-cart=10902\" data-quantity=\"1\" class=\"button product_type_simple add_to_cart_button ajax_add_to_cart\" data-product_id=\"10902\" data-product_sku=\"\" aria-label=\"A\u00f1adir al carrito: \u201cFresh Air\u201d\" rel=\"nofollow\" data-no-translation-aria-label=\"\"><span class=\"button-text\" data-no-translation=\"\" data-trp-gettext=\"\">A\u00f1adir al carrito<\/span><\/a>\t<span id=\"woocommerce_loop_add_to_cart_link_describedby_10902\" class=\"screen-reader-text\">\n\t\t\t<\/span>\n<\/div>\n<div class=\"jet-woo-products-cqw-wrapper\">\n\t<\/div>\t<\/div>\n\n\t<\/div>\n<div class=\"jet-woo-products__item jet-woo-builder-product jet-woo-thumb-with-effect\" data-product-id=\"10891\">\n\t<div class=\"jet-woo-products__inner-box\"  >\n\t\t\n<div class=\"jet-woo-product-thumbnail\">\n\t\n\t<a href=\"https:\/\/nosegallery.com\/es\/producto\/modigliani\/\" ><div class=\"jet-woo-product-thumbs effect-fade\"><div class=\"jet-woo-product-thumbs__inner\"><img decoding=\"async\" width=\"300\" height=\"300\" src=\"https:\/\/nosegallery.com\/wp-content\/uploads\/2025\/03\/modigliani-interior-300x300.jpg\" class=\"attachment-woocommerce_thumbnail size-woocommerce_thumbnail\" alt=\"\" data-no-lazy=\"1\" loading=\"auto\" srcset=\"https:\/\/nosegallery.com\/wp-content\/uploads\/2025\/03\/modigliani-interior-300x300.jpg 300w, https:\/\/nosegallery.com\/wp-content\/uploads\/2025\/03\/modigliani-interior-150x150.jpg 150w, https:\/\/nosegallery.com\/wp-content\/uploads\/2025\/03\/modigliani-interior-230x230.jpg 230w, https:\/\/nosegallery.com\/wp-content\/uploads\/2025\/03\/modigliani-interior-400x400.jpg 400w, https:\/\/nosegallery.com\/wp-content\/uploads\/2025\/03\/modigliani-interior-640x640.jpg 640w, https:\/\/nosegallery.com\/wp-content\/uploads\/2025\/03\/modigliani-interior-100x100.jpg 100w\" sizes=\"(max-width: 300px) 100vw, 300px\" \/><img decoding=\"async\" width=\"300\" height=\"300\" src=\"https:\/\/nosegallery.com\/wp-content\/uploads\/2025\/03\/modigliani-300x300.jpg\" class=\"attachment-woocommerce_thumbnail size-woocommerce_thumbnail\" alt=\"\" data-no-lazy=\"1\" loading=\"auto\" srcset=\"https:\/\/nosegallery.com\/wp-content\/uploads\/2025\/03\/modigliani-300x300.jpg 300w, https:\/\/nosegallery.com\/wp-content\/uploads\/2025\/03\/modigliani-150x150.jpg 150w, https:\/\/nosegallery.com\/wp-content\/uploads\/2025\/03\/modigliani-230x230.jpg 230w, https:\/\/nosegallery.com\/wp-content\/uploads\/2025\/03\/modigliani-400x400.jpg 400w, https:\/\/nosegallery.com\/wp-content\/uploads\/2025\/03\/modigliani-640x640.jpg 640w, https:\/\/nosegallery.com\/wp-content\/uploads\/2025\/03\/modigliani-100x100.jpg 100w\" sizes=\"(max-width: 300px) 100vw, 300px\" \/><\/div><\/div><\/a>\n\t<div class=\"jet-woo-product-img-overlay\"><\/div>\n\n\t\n\t<\/div><h5 class=\"jet-woo-product-title\" ><a href=\"https:\/\/nosegallery.com\/es\/producto\/modigliani\/\" >Modigliani<\/a><\/h5>\n<div class=\"jet-woo-product-price\">\n\t<span class=\"price\"><span class=\"woocommerce-Price-amount amount\"><bdi><span class=\"woocommerce-Price-currencySymbol\">&euro;<\/span>1,500.00<\/bdi><\/span><\/span>\n<\/div>\n<div class=\"jet-woo-product-button\">\n\t<a href=\"\/es\/wp-json\/wp\/v2\/pages\/12001?add-to-cart=10891\" data-quantity=\"1\" class=\"button product_type_simple add_to_cart_button ajax_add_to_cart\" data-product_id=\"10891\" data-product_sku=\"\" aria-label=\"A\u00f1adir al carrito: \u201cModigliani\u201d\" rel=\"nofollow\" data-no-translation-aria-label=\"\"><span class=\"button-text\" data-no-translation=\"\" data-trp-gettext=\"\">A\u00f1adir al carrito<\/span><\/a>\t<span id=\"woocommerce_loop_add_to_cart_link_describedby_10891\" class=\"screen-reader-text\">\n\t\t\t<\/span>\n<\/div>\n<div class=\"jet-woo-products-cqw-wrapper\">\n\t<\/div>\t<\/div>\n\n\t<\/div><\/div>\n<\/div>\t\t\t\t<\/div>\n\t\t\t\t<\/div>\n\t\t\t\t\t<\/div>\n\t\t<\/div>\n\t\t\t\t\t<\/div>\n\t\t<\/section>\n\t\t\t\t<section class=\"elementor-section elementor-top-section elementor-element elementor-element-759e3440 elementor-section-boxed elementor-section-height-default elementor-section-height-default elementor-invisible\" data-id=\"759e3440\" data-element_type=\"section\" data-settings=\"{&quot;animation&quot;:&quot;fadeIn&quot;,&quot;animation_delay&quot;:1000}\">\n\t\t\t\t\t\t<div class=\"elementor-container elementor-column-gap-default\">\n\t\t\t\t\t<div class=\"elementor-column elementor-col-100 elementor-top-column elementor-element elementor-element-24a9444\" data-id=\"24a9444\" data-element_type=\"column\">\n\t\t\t<div class=\"elementor-widget-wrap elementor-element-populated\">\n\t\t\t\t\t\t<div class=\"elementor-element elementor-element-3af495b9 elementor-widget elementor-widget-text-editor\" data-id=\"3af495b9\" data-element_type=\"widget\" data-widget_type=\"text-editor.default\">\n\t\t\t\t<div class=\"elementor-widget-container\">\n\t\t\t\t\t\t\t\t\t<p>Vasili, tambi\u00e9n conocido bajo el seud\u00f3nimo Erm Wohol, naci\u00f3 en J\u00e1rkov, Ucrania.<\/p>\t\t\t\t\t\t\t\t<\/div>\n\t\t\t\t<\/div>\n\t\t\t\t<div class=\"elementor-element elementor-element-533f43ff elementor-widget elementor-widget-text-editor\" data-id=\"533f43ff\" data-element_type=\"widget\" data-widget_type=\"text-editor.default\">\n\t\t\t\t<div class=\"elementor-widget-container\">\n\t\t\t\t\t\t\t\t\t<p>Con el inicio de la guerra, \u00e9l y su madre escaparon de su ciudad natal y ahora se han establecido en Odesa, que es m\u00e1s segura.<\/p>\t\t\t\t\t\t\t\t<\/div>\n\t\t\t\t<\/div>\n\t\t\t\t<div class=\"elementor-element elementor-element-2be4c4bb elementor-widget elementor-widget-text-editor\" data-id=\"2be4c4bb\" data-element_type=\"widget\" data-widget_type=\"text-editor.default\">\n\t\t\t\t<div class=\"elementor-widget-container\">\n\t\t\t\t\t\t\t\t\t<p>Vasili, durante su joven vida, ha creado cientos de pinturas al \u00f3leo y miles de obras sobre papel, y ha expuesto en todo el mundo.<\/p>\t\t\t\t\t\t\t\t<\/div>\n\t\t\t\t<\/div>\n\t\t\t\t\t<\/div>\n\t\t<\/div>\n\t\t\t\t\t<\/div>\n\t\t<\/section>\n\t\t\t\t<section class=\"elementor-section elementor-top-section elementor-element elementor-element-6733e846 elementor-section-boxed elementor-section-height-default elementor-section-height-default\" data-id=\"6733e846\" data-element_type=\"section\">\n\t\t\t\t\t\t<div class=\"elementor-container elementor-column-gap-default\">\n\t\t\t\t\t<div class=\"elementor-column elementor-col-100 elementor-top-column elementor-element elementor-element-7c803169\" data-id=\"7c803169\" data-element_type=\"column\">\n\t\t\t<div class=\"elementor-widget-wrap elementor-element-populated\">\n\t\t\t\t\t\t<div class=\"elementor-element elementor-element-47f6b71a elementor-widget elementor-widget-spacer\" data-id=\"47f6b71a\" data-element_type=\"widget\" data-widget_type=\"spacer.default\">\n\t\t\t\t<div class=\"elementor-widget-container\">\n\t\t\t\t\t\t\t<div class=\"elementor-spacer\">\n\t\t\t<div class=\"elementor-spacer-inner\"><\/div>\n\t\t<\/div>\n\t\t\t\t\t\t<\/div>\n\t\t\t\t<\/div>\n\t\t\t\t\t<\/div>\n\t\t<\/div>\n\t\t\t\t\t<\/div>\n\t\t<\/section>\n\t\t\t\t<\/div>","protected":false},"excerpt":{"rendered":"<p>Vasili Yolohov Vasili Yolohov is the youngest artist represented in the group show aged 30. He is a multi-disciplinary artist who works mostly with oils and watercolours. Fresh Air &euro;900.00 Add to cart Modigliani &euro;1,500.00 Add to cart Vasili who is also known under\u00a0 pseudonym Erm Wohol was born in Kharkiv, Ukraine. With the start [&hellip;]<\/p>","protected":false},"author":1,"featured_media":0,"parent":0,"menu_order":0,"comment_status":"closed","ping_status":"closed","template":"elementor_header_footer","meta":{"footnotes":""},"class_list":["post-12001","page","type-page","status-publish","hentry"],"_links":{"self":[{"href":"https:\/\/nosegallery.com\/es\/wp-json\/wp\/v2\/pages\/12001","targetHints":{"allow":["GET"]}}],"collection":[{"href":"https:\/\/nosegallery.com\/es\/wp-json\/wp\/v2\/pages"}],"about":[{"href":"https:\/\/nosegallery.com\/es\/wp-json\/wp\/v2\/types\/page"}],"author":[{"embeddable":true,"href":"https:\/\/nosegallery.com\/es\/wp-json\/wp\/v2\/users\/1"}],"replies":[{"embeddable":true,"href":"https:\/\/nosegallery.com\/es\/wp-json\/wp\/v2\/comments?post=12001"}],"version-history":[{"count":7,"href":"https:\/\/nosegallery.com\/es\/wp-json\/wp\/v2\/pages\/12001\/revisions"}],"predecessor-version":[{"id":12013,"href":"https:\/\/nosegallery.com\/es\/wp-json\/wp\/v2\/pages\/12001\/revisions\/12013"}],"wp:attachment":[{"href":"https:\/\/nosegallery.com\/es\/wp-json\/wp\/v2\/media?parent=12001"}],"curies":[{"name":"wp","href":"https:\/\/api.w.org\/{rel}","templated":true}]}}