{"id":10941,"date":"2025-03-03T12:37:33","date_gmt":"2025-03-03T12:37:33","guid":{"rendered":"https:\/\/nosegallery.com\/?post_type=product&#038;p=10941"},"modified":"2025-03-31T14:46:22","modified_gmt":"2025-03-31T14:46:22","slug":"a-pear","status":"publish","type":"product","link":"https:\/\/nosegallery.com\/es\/producto\/a-pear\/","title":{"rendered":"Una pera"},"content":{"rendered":"<div data-elementor-type=\"wp-post\" data-elementor-id=\"10941\" class=\"elementor elementor-10941\">\n\t\t\t\t<div class=\"elementor-element elementor-element-b99ba13 e-flex e-con-boxed e-con e-parent\" data-id=\"b99ba13\" data-element_type=\"container\">\n\t\t\t\t\t<div class=\"e-con-inner\">\n\t\t\t\t<div class=\"elementor-element elementor-element-e23e63b elementor-widget elementor-widget-n-accordion\" data-id=\"e23e63b\" data-element_type=\"widget\" data-settings=\"{&quot;default_state&quot;:&quot;expanded&quot;,&quot;max_items_expended&quot;:&quot;one&quot;,&quot;n_accordion_animation_duration&quot;:{&quot;unit&quot;:&quot;ms&quot;,&quot;size&quot;:400,&quot;sizes&quot;:[]}}\" data-widget_type=\"nested-accordion.default\">\n\t\t\t\t<div class=\"elementor-widget-container\">\n\t\t\t\t\t\t\t<div class=\"e-n-accordion\" aria-label=\"Accordion. Open links with Enter or Space, close with Escape, and navigate with Arrow Keys\">\n\t\t\t\t\t\t<details id=\"e-n-accordion-item-2370\" class=\"e-n-accordion-item\" open>\n\t\t\t\t<summary class=\"e-n-accordion-item-title\" data-accordion-index=\"1\" tabindex=\"0\" aria-expanded=\"true\" aria-controls=\"e-n-accordion-item-2370\" >\n\t\t\t\t\t<span class='e-n-accordion-item-title-header'><div class=\"e-n-accordion-item-title-text\"> Descripci\u00f3n <\/div><\/span>\n\t\t\t\t\t\t\t<span class='e-n-accordion-item-title-icon'>\n\t\t\t<span class='e-opened' ><i aria-hidden=\"true\" class=\"fas fa-minus\"><\/i><\/span>\n\t\t\t<span class='e-closed'><i aria-hidden=\"true\" class=\"fas fa-plus\"><\/i><\/span>\n\t\t<\/span>\n\n\t\t\t\t\t\t<\/summary>\n\t\t\t\t<div role=\"region\" aria-labelledby=\"e-n-accordion-item-2370\" class=\"elementor-element elementor-element-6d88f46 e-con-full e-flex e-con e-child\" data-id=\"6d88f46\" data-element_type=\"container\">\n\t\t\t\t<div class=\"elementor-element elementor-element-83be681 elementor-widget elementor-widget-jet-listing-dynamic-field\" data-id=\"83be681\" data-element_type=\"widget\" data-widget_type=\"jet-listing-dynamic-field.default\">\n\t\t\t\t<div class=\"elementor-widget-container\">\n\t\t\t\t\t<div class=\"jet-listing jet-listing-dynamic-field display-inline\"><div class=\"jet-listing-dynamic-field__inline-wrap\"><div class=\"jet-listing-dynamic-field__content\">75 x 65 cm\r\n\r\n<hr \/>\r\n\r\n\u00d3leo sobre lienzo<\/div><\/div><\/div>\t\t\t\t<\/div>\n\t\t\t\t<\/div>\n\t\t\t\t<\/div>\n\t\t\t\t\t<\/details>\n\t\t\t\t\t\t<details id=\"e-n-accordion-item-2371\" class=\"e-n-accordion-item\" >\n\t\t\t\t<summary class=\"e-n-accordion-item-title\" data-accordion-index=\"2\" tabindex=\"-1\" aria-expanded=\"false\" aria-controls=\"e-n-accordion-item-2371\" >\n\t\t\t\t\t<span class='e-n-accordion-item-title-header'><div class=\"e-n-accordion-item-title-text\"> Artista <\/div><\/span>\n\t\t\t\t\t\t\t<span class='e-n-accordion-item-title-icon'>\n\t\t\t<span class='e-opened' ><i aria-hidden=\"true\" class=\"fas fa-minus\"><\/i><\/span>\n\t\t\t<span class='e-closed'><i aria-hidden=\"true\" class=\"fas fa-plus\"><\/i><\/span>\n\t\t<\/span>\n\n\t\t\t\t\t\t<\/summary>\n\t\t\t\t<div role=\"region\" aria-labelledby=\"e-n-accordion-item-2371\" class=\"elementor-element elementor-element-b65296b e-con-full e-flex e-con e-child\" data-id=\"b65296b\" data-element_type=\"container\">\n\t\t<div role=\"region\" aria-labelledby=\"e-n-accordion-item-2371\" class=\"elementor-element elementor-element-fb2eef9 e-flex e-con-boxed e-con e-child\" data-id=\"fb2eef9\" data-element_type=\"container\">\n\t\t\t\t\t<div class=\"e-con-inner\">\n\t\t\t\t<div class=\"elementor-element elementor-element-dfb11f2 elementor-widget elementor-widget-text-editor\" data-id=\"dfb11f2\" data-element_type=\"widget\" data-widget_type=\"text-editor.default\">\n\t\t\t\t<div class=\"elementor-widget-container\">\n\t\t\t\t\t\t\t\t\t<h1 class=\"entry-title h2-style\">Serhii Luchishinne<\/h1><p>Serhii es un artista consagrado, guionista y director de cine. Naci\u00f3 en Odesa en 1967, donde termin\u00f3 la Academia Estatal de Arte. Durante su extensa carrera, Serhii vivi\u00f3 en Odesa, Mosc\u00fa y Par\u00eds.<\/p>\t\t\t\t\t\t\t\t<\/div>\n\t\t\t\t<\/div>\n\t\t\t\t<div class=\"elementor-element elementor-element-05f53a4 elementor-align-left elementor-mobile-align-left elementor-widget elementor-widget-button\" data-id=\"05f53a4\" data-element_type=\"widget\" data-widget_type=\"button.default\">\n\t\t\t\t<div class=\"elementor-widget-container\">\n\t\t\t\t\t\t\t\t\t<div class=\"elementor-button-wrapper\">\n\t\t\t\t\t<a class=\"elementor-button elementor-button-link elementor-size-sm elementor-animation-float\" href=\"https:\/\/nosegallery.com\/es\/serhii-luchishine\/\">\n\t\t\t\t\t\t<span class=\"elementor-button-content-wrapper\">\n\t\t\t\t\t\t\t\t\t<span class=\"elementor-button-text\">M\u00e1s<\/span>\n\t\t\t\t\t<\/span>\n\t\t\t\t\t<\/a>\n\t\t\t\t<\/div>\n\t\t\t\t\t\t\t\t<\/div>\n\t\t\t\t<\/div>\n\t\t\t\t\t<\/div>\n\t\t\t\t<\/div>\n\t\t\t\t<\/div>\n\t\t\t\t\t<\/details>\n\t\t\t\t\t<\/div>\n\t\t\t\t\t\t<\/div>\n\t\t\t\t<\/div>\n\t\t\t\t\t<\/div>\n\t\t\t\t<\/div>\n\t\t\t\t<\/div>","protected":false},"excerpt":{"rendered":"<p>75 x 65 cm<\/p>\n<hr \/>\n<p>\u00d3leo sobre lienzo<\/p>","protected":false},"featured_media":12579,"comment_status":"open","ping_status":"closed","template":"","meta":[],"product_brand":[],"product_cat":[173],"product_tag":[181,177],"class_list":{"0":"post-10941","1":"product","2":"type-product","3":"status-publish","4":"has-post-thumbnail","6":"product_cat-paintings","7":"product_tag-new","8":"product_tag-serhii-luchishinne","10":"first","11":"instock","12":"featured","13":"shipping-taxable","14":"purchasable","15":"product-type-simple"},"_links":{"self":[{"href":"https:\/\/nosegallery.com\/es\/wp-json\/wp\/v2\/product\/10941","targetHints":{"allow":["GET"]}}],"collection":[{"href":"https:\/\/nosegallery.com\/es\/wp-json\/wp\/v2\/product"}],"about":[{"href":"https:\/\/nosegallery.com\/es\/wp-json\/wp\/v2\/types\/product"}],"replies":[{"embeddable":true,"href":"https:\/\/nosegallery.com\/es\/wp-json\/wp\/v2\/comments?post=10941"}],"version-history":[{"count":14,"href":"https:\/\/nosegallery.com\/es\/wp-json\/wp\/v2\/product\/10941\/revisions"}],"predecessor-version":[{"id":12329,"href":"https:\/\/nosegallery.com\/es\/wp-json\/wp\/v2\/product\/10941\/revisions\/12329"}],"wp:featuredmedia":[{"embeddable":true,"href":"https:\/\/nosegallery.com\/es\/wp-json\/wp\/v2\/media\/12579"}],"wp:attachment":[{"href":"https:\/\/nosegallery.com\/es\/wp-json\/wp\/v2\/media?parent=10941"}],"wp:term":[{"taxonomy":"product_brand","embeddable":true,"href":"https:\/\/nosegallery.com\/es\/wp-json\/wp\/v2\/product_brand?post=10941"},{"taxonomy":"product_cat","embeddable":true,"href":"https:\/\/nosegallery.com\/es\/wp-json\/wp\/v2\/product_cat?post=10941"},{"taxonomy":"product_tag","embeddable":true,"href":"https:\/\/nosegallery.com\/es\/wp-json\/wp\/v2\/product_tag?post=10941"}],"curies":[{"name":"wp","href":"https:\/\/api.w.org\/{rel}","templated":true}]}}