{"id":11630,"date":"2025-03-13T23:52:57","date_gmt":"2025-03-13T23:52:57","guid":{"rendered":"https:\/\/nosegallery.com\/?post_type=product&#038;p=11630"},"modified":"2025-04-01T15:57:28","modified_gmt":"2025-04-01T15:57:28","slug":"the-sprat","status":"publish","type":"product","link":"https:\/\/nosegallery.com\/es\/producto\/the-sprat\/","title":{"rendered":"El pez sprat"},"content":{"rendered":"<div data-elementor-type=\"wp-post\" data-elementor-id=\"11630\" class=\"elementor elementor-11630\">\n\t\t\t\t<div class=\"elementor-element elementor-element-557b20b e-flex e-con-boxed e-con e-parent\" data-id=\"557b20b\" data-element_type=\"container\">\n\t\t\t\t\t<div class=\"e-con-inner\">\n\t\t\t\t<div class=\"elementor-element elementor-element-ff29914 elementor-widget elementor-widget-n-accordion\" data-id=\"ff29914\" data-element_type=\"widget\" data-settings=\"{&quot;default_state&quot;:&quot;expanded&quot;,&quot;max_items_expended&quot;:&quot;one&quot;,&quot;n_accordion_animation_duration&quot;:{&quot;unit&quot;:&quot;ms&quot;,&quot;size&quot;:400,&quot;sizes&quot;:[]}}\" data-widget_type=\"nested-accordion.default\">\n\t\t\t\t<div class=\"elementor-widget-container\">\n\t\t\t\t\t\t\t<div class=\"e-n-accordion\" aria-label=\"Accordion. Open links with Enter or Space, close with Escape, and navigate with Arrow Keys\">\n\t\t\t\t\t\t<details id=\"e-n-accordion-item-2670\" class=\"e-n-accordion-item\" open>\n\t\t\t\t<summary class=\"e-n-accordion-item-title\" data-accordion-index=\"1\" tabindex=\"0\" aria-expanded=\"true\" aria-controls=\"e-n-accordion-item-2670\" >\n\t\t\t\t\t<span class='e-n-accordion-item-title-header'><div class=\"e-n-accordion-item-title-text\"> Descripci\u00f3n <\/div><\/span>\n\t\t\t\t\t\t\t<span class='e-n-accordion-item-title-icon'>\n\t\t\t<span class='e-opened' ><i aria-hidden=\"true\" class=\"fas fa-minus\"><\/i><\/span>\n\t\t\t<span class='e-closed'><i aria-hidden=\"true\" class=\"fas fa-plus\"><\/i><\/span>\n\t\t<\/span>\n\n\t\t\t\t\t\t<\/summary>\n\t\t\t\t<div role=\"region\" aria-labelledby=\"e-n-accordion-item-2670\" class=\"elementor-element elementor-element-48d523c e-con-full e-flex e-con e-child\" data-id=\"48d523c\" data-element_type=\"container\">\n\t\t\t\t<div class=\"elementor-element elementor-element-9192804 elementor-widget elementor-widget-jet-listing-dynamic-field\" data-id=\"9192804\" data-element_type=\"widget\" data-widget_type=\"jet-listing-dynamic-field.default\">\n\t\t\t\t<div class=\"elementor-widget-container\">\n\t\t\t\t\t<div class=\"jet-listing jet-listing-dynamic-field display-inline\"><div class=\"jet-listing-dynamic-field__inline-wrap\"><div class=\"jet-listing-dynamic-field__content\">40 x 40 cm\r\n\r\n<hr \/>\r\n\r\n\u00d3leo sobre lienzo\r\n\r\n<hr \/>\r\n\r\n2024<\/div><\/div><\/div>\t\t\t\t<\/div>\n\t\t\t\t<\/div>\n\t\t\t\t<\/div>\n\t\t\t\t\t<\/details>\n\t\t\t\t\t\t<details id=\"e-n-accordion-item-2671\" class=\"e-n-accordion-item\" >\n\t\t\t\t<summary class=\"e-n-accordion-item-title\" data-accordion-index=\"2\" tabindex=\"-1\" aria-expanded=\"false\" aria-controls=\"e-n-accordion-item-2671\" >\n\t\t\t\t\t<span class='e-n-accordion-item-title-header'><div class=\"e-n-accordion-item-title-text\"> Artista <\/div><\/span>\n\t\t\t\t\t\t\t<span class='e-n-accordion-item-title-icon'>\n\t\t\t<span class='e-opened' ><i aria-hidden=\"true\" class=\"fas fa-minus\"><\/i><\/span>\n\t\t\t<span class='e-closed'><i aria-hidden=\"true\" class=\"fas fa-plus\"><\/i><\/span>\n\t\t<\/span>\n\n\t\t\t\t\t\t<\/summary>\n\t\t\t\t<div role=\"region\" aria-labelledby=\"e-n-accordion-item-2671\" class=\"elementor-element elementor-element-9576729 e-con-full e-flex e-con e-child\" data-id=\"9576729\" data-element_type=\"container\">\n\t\t<div role=\"region\" aria-labelledby=\"e-n-accordion-item-2671\" class=\"elementor-element elementor-element-45b60a8 e-flex e-con-boxed e-con e-child\" data-id=\"45b60a8\" data-element_type=\"container\">\n\t\t\t\t\t<div class=\"e-con-inner\">\n\t\t\t\t<div class=\"elementor-element elementor-element-f2da8c4 elementor-widget elementor-widget-text-editor\" data-id=\"f2da8c4\" data-element_type=\"widget\" data-widget_type=\"text-editor.default\">\n\t\t\t\t<div class=\"elementor-widget-container\">\n\t\t\t\t\t\t\t\t\t<h1 class=\"entry-title h2-style\">Svitlana VOL<\/h1>\nLa artista Svitlana Vol naci\u00f3 y creci\u00f3 en Odesa. Desde muy joven, desarroll\u00f3 una pasi\u00f3n por la pintura y la m\u00fasica.\t\t\t\t\t\t\t\t<\/div>\n\t\t\t\t<\/div>\n\t\t\t\t<div class=\"elementor-element elementor-element-4b4639f elementor-align-left elementor-mobile-align-left elementor-widget elementor-widget-button\" data-id=\"4b4639f\" data-element_type=\"widget\" data-widget_type=\"button.default\">\n\t\t\t\t<div class=\"elementor-widget-container\">\n\t\t\t\t\t\t\t\t\t<div class=\"elementor-button-wrapper\">\n\t\t\t\t\t<a class=\"elementor-button elementor-button-link elementor-size-sm elementor-animation-float\" href=\"https:\/\/nosegallery.com\/es\/svitlana-vol\/\">\n\t\t\t\t\t\t<span class=\"elementor-button-content-wrapper\">\n\t\t\t\t\t\t\t\t\t<span class=\"elementor-button-text\">M\u00e1s<\/span>\n\t\t\t\t\t<\/span>\n\t\t\t\t\t<\/a>\n\t\t\t\t<\/div>\n\t\t\t\t\t\t\t\t<\/div>\n\t\t\t\t<\/div>\n\t\t\t\t\t<\/div>\n\t\t\t\t<\/div>\n\t\t\t\t<\/div>\n\t\t\t\t\t<\/details>\n\t\t\t\t\t<\/div>\n\t\t\t\t\t\t<\/div>\n\t\t\t\t<\/div>\n\t\t\t\t\t<\/div>\n\t\t\t\t<\/div>\n\t\t\t\t<\/div>","protected":false},"excerpt":{"rendered":"<p>40 x 40 cm<\/p>\n<hr \/>\n<p>\u00d3leo sobre lienzo<\/p>\n<hr \/>\n<p>2024<\/p>","protected":false},"featured_media":12628,"comment_status":"closed","ping_status":"closed","template":"","meta":[],"product_brand":[],"product_cat":[173],"product_tag":[189],"class_list":{"0":"post-11630","1":"product","2":"type-product","3":"status-publish","4":"has-post-thumbnail","6":"product_cat-paintings","7":"product_tag-svitlana-volokitina","9":"first","10":"instock","11":"shipping-taxable","12":"purchasable","13":"product-type-simple"},"_links":{"self":[{"href":"https:\/\/nosegallery.com\/es\/wp-json\/wp\/v2\/product\/11630","targetHints":{"allow":["GET"]}}],"collection":[{"href":"https:\/\/nosegallery.com\/es\/wp-json\/wp\/v2\/product"}],"about":[{"href":"https:\/\/nosegallery.com\/es\/wp-json\/wp\/v2\/types\/product"}],"replies":[{"embeddable":true,"href":"https:\/\/nosegallery.com\/es\/wp-json\/wp\/v2\/comments?post=11630"}],"version-history":[{"count":11,"href":"https:\/\/nosegallery.com\/es\/wp-json\/wp\/v2\/product\/11630\/revisions"}],"predecessor-version":[{"id":12629,"href":"https:\/\/nosegallery.com\/es\/wp-json\/wp\/v2\/product\/11630\/revisions\/12629"}],"wp:featuredmedia":[{"embeddable":true,"href":"https:\/\/nosegallery.com\/es\/wp-json\/wp\/v2\/media\/12628"}],"wp:attachment":[{"href":"https:\/\/nosegallery.com\/es\/wp-json\/wp\/v2\/media?parent=11630"}],"wp:term":[{"taxonomy":"product_brand","embeddable":true,"href":"https:\/\/nosegallery.com\/es\/wp-json\/wp\/v2\/product_brand?post=11630"},{"taxonomy":"product_cat","embeddable":true,"href":"https:\/\/nosegallery.com\/es\/wp-json\/wp\/v2\/product_cat?post=11630"},{"taxonomy":"product_tag","embeddable":true,"href":"https:\/\/nosegallery.com\/es\/wp-json\/wp\/v2\/product_tag?post=11630"}],"curies":[{"name":"wp","href":"https:\/\/api.w.org\/{rel}","templated":true}]}}