{"id":11746,"date":"2025-03-14T16:58:26","date_gmt":"2025-03-14T16:58:26","guid":{"rendered":"https:\/\/nosegallery.com\/?post_type=product&#038;p=11746"},"modified":"2025-04-16T14:55:35","modified_gmt":"2025-04-16T14:55:35","slug":"white-rest","status":"publish","type":"product","link":"https:\/\/nosegallery.com\/es\/producto\/white-rest\/","title":{"rendered":"Descanso blanco"},"content":{"rendered":"<div data-elementor-type=\"wp-post\" data-elementor-id=\"11746\" class=\"elementor elementor-11746\">\n\t\t\t\t<div class=\"elementor-element elementor-element-e82db08 e-flex e-con-boxed e-con e-parent\" data-id=\"e82db08\" data-element_type=\"container\">\n\t\t\t\t\t<div class=\"e-con-inner\">\n\t\t\t\t<div class=\"elementor-element elementor-element-5fe6a87 elementor-widget elementor-widget-n-accordion\" data-id=\"5fe6a87\" data-element_type=\"widget\" data-settings=\"{&quot;default_state&quot;:&quot;all_collapsed&quot;,&quot;max_items_expended&quot;:&quot;one&quot;,&quot;n_accordion_animation_duration&quot;:{&quot;unit&quot;:&quot;ms&quot;,&quot;size&quot;:400,&quot;sizes&quot;:[]}}\" data-widget_type=\"nested-accordion.default\">\n\t\t\t\t<div class=\"elementor-widget-container\">\n\t\t\t\t\t\t\t<div class=\"e-n-accordion\" aria-label=\"Accordion. Open links with Enter or Space, close with Escape, and navigate with Arrow Keys\">\n\t\t\t\t\t\t<details id=\"e-n-accordion-item-1000\" class=\"e-n-accordion-item\" >\n\t\t\t\t<summary class=\"e-n-accordion-item-title\" data-accordion-index=\"1\" tabindex=\"0\" aria-expanded=\"false\" aria-controls=\"e-n-accordion-item-1000\" >\n\t\t\t\t\t<span class='e-n-accordion-item-title-header'><div class=\"e-n-accordion-item-title-text\"> Descripci\u00f3n <\/div><\/span>\n\t\t\t\t\t\t\t<span class='e-n-accordion-item-title-icon'>\n\t\t\t<span class='e-opened' ><i aria-hidden=\"true\" class=\"fas fa-minus\"><\/i><\/span>\n\t\t\t<span class='e-closed'><i aria-hidden=\"true\" class=\"fas fa-plus\"><\/i><\/span>\n\t\t<\/span>\n\n\t\t\t\t\t\t<\/summary>\n\t\t\t\t<div role=\"region\" aria-labelledby=\"e-n-accordion-item-1000\" class=\"elementor-element elementor-element-0292e36 e-con-full e-flex e-con e-child\" data-id=\"0292e36\" data-element_type=\"container\">\n\t\t\t\t<div class=\"elementor-element elementor-element-a531cff elementor-widget elementor-widget-jet-listing-dynamic-field\" data-id=\"a531cff\" data-element_type=\"widget\" data-widget_type=\"jet-listing-dynamic-field.default\">\n\t\t\t\t<div class=\"elementor-widget-container\">\n\t\t\t\t\t<div class=\"jet-listing jet-listing-dynamic-field display-inline\"><div class=\"jet-listing-dynamic-field__inline-wrap\"><div class=\"jet-listing-dynamic-field__content translation-block\">h 16,5 cm\n2022, Kyiv\nCer\u00e1mica, alfarer\u00eda, modelado,\ncocci\u00f3n el\u00e9ctrica a 1260 grados Celsius<\/div><\/div><\/div>\t\t\t\t<\/div>\n\t\t\t\t<\/div>\n\t\t\t\t<\/div>\n\t\t\t\t\t<\/details>\n\t\t\t\t\t\t<details id=\"e-n-accordion-item-1001\" class=\"e-n-accordion-item\" >\n\t\t\t\t<summary class=\"e-n-accordion-item-title\" data-accordion-index=\"2\" tabindex=\"-1\" aria-expanded=\"false\" aria-controls=\"e-n-accordion-item-1001\" >\n\t\t\t\t\t<span class='e-n-accordion-item-title-header'><div class=\"e-n-accordion-item-title-text\"> Artista <\/div><\/span>\n\t\t\t\t\t\t\t<span class='e-n-accordion-item-title-icon'>\n\t\t\t<span class='e-opened' ><i aria-hidden=\"true\" class=\"fas fa-minus\"><\/i><\/span>\n\t\t\t<span class='e-closed'><i aria-hidden=\"true\" class=\"fas fa-plus\"><\/i><\/span>\n\t\t<\/span>\n\n\t\t\t\t\t\t<\/summary>\n\t\t\t\t<div role=\"region\" aria-labelledby=\"e-n-accordion-item-1001\" class=\"elementor-element elementor-element-aa20141 e-con-full e-flex e-con e-child\" data-id=\"aa20141\" data-element_type=\"container\">\n\t\t<div role=\"region\" aria-labelledby=\"e-n-accordion-item-1001\" class=\"elementor-element elementor-element-c2d9cd9 e-flex e-con-boxed e-con e-child\" data-id=\"c2d9cd9\" data-element_type=\"container\">\n\t\t\t\t\t<div class=\"e-con-inner\">\n\t\t\t\t<div class=\"elementor-element elementor-element-983c9de elementor-widget elementor-widget-text-editor\" data-id=\"983c9de\" data-element_type=\"widget\" data-widget_type=\"text-editor.default\">\n\t\t\t\t<div class=\"elementor-widget-container\">\n\t\t\t\t\t\t\t\t\t<h1 class=\"entry-title h2-style\">Andrii Kyrychenko<\/h1><p>Andrii Kyrychenko naci\u00f3 el 16 de junio de 1982 en\nKiev, Ucrania. De ni\u00f1o, estudi\u00f3 en una escuela de arte,\ndonde se enamor\u00f3 de la artesan\u00eda cer\u00e1mica.\nContrariamente a esto, posteriormente recibi\u00f3 una\neducaci\u00f3n t\u00e9cnica superior como\ningeniero de telecomunicaciones en una universidad estatal<\/p>\t\t\t\t\t\t\t\t<\/div>\n\t\t\t\t<\/div>\n\t\t\t\t<div class=\"elementor-element elementor-element-395584c elementor-align-center elementor-mobile-align-left elementor-widget elementor-widget-button\" data-id=\"395584c\" data-element_type=\"widget\" data-widget_type=\"button.default\">\n\t\t\t\t<div class=\"elementor-widget-container\">\n\t\t\t\t\t\t\t\t\t<div class=\"elementor-button-wrapper\">\n\t\t\t\t\t<a class=\"elementor-button elementor-button-link elementor-size-sm elementor-animation-float\" href=\"https:\/\/nosegallery.com\/es\/andrii-kyrychenko\/\">\n\t\t\t\t\t\t<span class=\"elementor-button-content-wrapper\">\n\t\t\t\t\t\t\t\t\t<span class=\"elementor-button-text\">M\u00e1s<\/span>\n\t\t\t\t\t<\/span>\n\t\t\t\t\t<\/a>\n\t\t\t\t<\/div>\n\t\t\t\t\t\t\t\t<\/div>\n\t\t\t\t<\/div>\n\t\t\t\t\t<\/div>\n\t\t\t\t<\/div>\n\t\t\t\t<\/div>\n\t\t\t\t\t<\/details>\n\t\t\t\t\t<\/div>\n\t\t\t\t\t\t<\/div>\n\t\t\t\t<\/div>\n\t\t\t\t\t<\/div>\n\t\t\t\t<\/div>\n\t\t\t\t<\/div>","protected":false},"excerpt":{"rendered":"<p class=\"translation-block\">h 16,5 cm\n2022, Kyiv\nCer\u00e1mica, alfarer\u00eda, modelado,\ncocci\u00f3n el\u00e9ctrica a 1260 grados Celsius<\/p>","protected":false},"featured_media":12703,"comment_status":"closed","ping_status":"closed","template":"","meta":[],"product_brand":[],"product_cat":[174],"product_tag":[190],"class_list":{"0":"post-11746","1":"product","2":"type-product","3":"status-publish","4":"has-post-thumbnail","6":"product_cat-sculptures","7":"product_tag-andrii-kyrychenko","9":"first","10":"outofstock","11":"shipping-taxable","12":"purchasable","13":"product-type-simple"},"_links":{"self":[{"href":"https:\/\/nosegallery.com\/es\/wp-json\/wp\/v2\/product\/11746","targetHints":{"allow":["GET"]}}],"collection":[{"href":"https:\/\/nosegallery.com\/es\/wp-json\/wp\/v2\/product"}],"about":[{"href":"https:\/\/nosegallery.com\/es\/wp-json\/wp\/v2\/types\/product"}],"replies":[{"embeddable":true,"href":"https:\/\/nosegallery.com\/es\/wp-json\/wp\/v2\/comments?post=11746"}],"version-history":[{"count":10,"href":"https:\/\/nosegallery.com\/es\/wp-json\/wp\/v2\/product\/11746\/revisions"}],"predecessor-version":[{"id":12701,"href":"https:\/\/nosegallery.com\/es\/wp-json\/wp\/v2\/product\/11746\/revisions\/12701"}],"wp:featuredmedia":[{"embeddable":true,"href":"https:\/\/nosegallery.com\/es\/wp-json\/wp\/v2\/media\/12703"}],"wp:attachment":[{"href":"https:\/\/nosegallery.com\/es\/wp-json\/wp\/v2\/media?parent=11746"}],"wp:term":[{"taxonomy":"product_brand","embeddable":true,"href":"https:\/\/nosegallery.com\/es\/wp-json\/wp\/v2\/product_brand?post=11746"},{"taxonomy":"product_cat","embeddable":true,"href":"https:\/\/nosegallery.com\/es\/wp-json\/wp\/v2\/product_cat?post=11746"},{"taxonomy":"product_tag","embeddable":true,"href":"https:\/\/nosegallery.com\/es\/wp-json\/wp\/v2\/product_tag?post=11746"}],"curies":[{"name":"wp","href":"https:\/\/api.w.org\/{rel}","templated":true}]}}